{"id":734,"date":"2025-01-10T19:09:12","date_gmt":"2025-01-10T19:09:12","guid":{"rendered":"https:\/\/design.fahandle.at\/?page_id=734"},"modified":"2025-01-20T11:06:25","modified_gmt":"2025-01-20T11:06:25","slug":"consulting-support-and-technical-services","status":"publish","type":"page","link":"https:\/\/fahandle.at\/de\/services\/consulting-support-and-technical-services\/","title":{"rendered":"Beratung, Unterst\u00fctzung und technische Dienstleistungen"},"content":{"rendered":"<div data-elementor-type=\"wp-page\" data-elementor-id=\"734\" class=\"elementor elementor-734\" data-elementor-settings=\"{&quot;element_pack_global_tooltip_width&quot;:{&quot;unit&quot;:&quot;px&quot;,&quot;size&quot;:&quot;&quot;,&quot;sizes&quot;:[]},&quot;element_pack_global_tooltip_width_tablet&quot;:{&quot;unit&quot;:&quot;px&quot;,&quot;size&quot;:&quot;&quot;,&quot;sizes&quot;:[]},&quot;element_pack_global_tooltip_width_mobile&quot;:{&quot;unit&quot;:&quot;px&quot;,&quot;size&quot;:&quot;&quot;,&quot;sizes&quot;:[]},&quot;element_pack_global_tooltip_padding&quot;:{&quot;unit&quot;:&quot;px&quot;,&quot;top&quot;:&quot;&quot;,&quot;right&quot;:&quot;&quot;,&quot;bottom&quot;:&quot;&quot;,&quot;left&quot;:&quot;&quot;,&quot;isLinked&quot;:true},&quot;element_pack_global_tooltip_padding_tablet&quot;:{&quot;unit&quot;:&quot;px&quot;,&quot;top&quot;:&quot;&quot;,&quot;right&quot;:&quot;&quot;,&quot;bottom&quot;:&quot;&quot;,&quot;left&quot;:&quot;&quot;,&quot;isLinked&quot;:true},&quot;element_pack_global_tooltip_padding_mobile&quot;:{&quot;unit&quot;:&quot;px&quot;,&quot;top&quot;:&quot;&quot;,&quot;right&quot;:&quot;&quot;,&quot;bottom&quot;:&quot;&quot;,&quot;left&quot;:&quot;&quot;,&quot;isLinked&quot;:true},&quot;element_pack_global_tooltip_border_radius&quot;:{&quot;unit&quot;:&quot;px&quot;,&quot;top&quot;:&quot;&quot;,&quot;right&quot;:&quot;&quot;,&quot;bottom&quot;:&quot;&quot;,&quot;left&quot;:&quot;&quot;,&quot;isLinked&quot;:true},&quot;element_pack_global_tooltip_border_radius_tablet&quot;:{&quot;unit&quot;:&quot;px&quot;,&quot;top&quot;:&quot;&quot;,&quot;right&quot;:&quot;&quot;,&quot;bottom&quot;:&quot;&quot;,&quot;left&quot;:&quot;&quot;,&quot;isLinked&quot;:true},&quot;element_pack_global_tooltip_border_radius_mobile&quot;:{&quot;unit&quot;:&quot;px&quot;,&quot;top&quot;:&quot;&quot;,&quot;right&quot;:&quot;&quot;,&quot;bottom&quot;:&quot;&quot;,&quot;left&quot;:&quot;&quot;,&quot;isLinked&quot;:true}}\" data-elementor-post-type=\"page\">\n\t\t\t\t<div class=\"elementor-element elementor-element-4b6af87 e-flex e-con-boxed e-con e-parent\" data-id=\"4b6af87\" data-element_type=\"container\" data-settings=\"{&quot;background_background&quot;:&quot;classic&quot;}\">\n\t\t\t\t\t<div class=\"e-con-inner\">\n\t\t\t\t\t<\/div>\n\t\t\t\t<\/div>\n\t\t<div class=\"elementor-element elementor-element-485b20d e-flex e-con-boxed e-con e-parent\" data-id=\"485b20d\" data-element_type=\"container\">\n\t\t\t\t\t<div class=\"e-con-inner\">\n\t\t<div class=\"elementor-element elementor-element-fe2fc0e e-con-full e-flex e-con e-child\" data-id=\"fe2fc0e\" data-element_type=\"container\">\n\t\t\t\t<div class=\"elementor-element elementor-element-4be5dd8 elementor-widget elementor-widget-heading\" data-id=\"4be5dd8\" data-element_type=\"widget\" data-widget_type=\"heading.default\">\n\t\t\t\t<div class=\"elementor-widget-container\">\n\t\t\t\t\t<h2 class=\"elementor-heading-title elementor-size-default\">Spezialisierte Beratungsdienste<\/h2>\t\t\t\t<\/div>\n\t\t\t\t<\/div>\n\t\t\t\t<div class=\"elementor-element elementor-element-a71c8fa elementor-widget elementor-widget-text-editor\" data-id=\"a71c8fa\" data-element_type=\"widget\" data-widget_type=\"text-editor.default\">\n\t\t\t\t<div class=\"elementor-widget-container\">\n\t\t\t\t\t\t\t\t\t<ul><li>Analyse Ihrer gesch\u00e4ftlichen Bed\u00fcrfnisse und Identifizierung von St\u00e4rken und Schw\u00e4chen.<\/li><li>Bereitstellung strategischer L\u00f6sungen f\u00fcr Produktentwicklung, Innovation und Prozessverbesserung.<\/li><li>Entwurf und Optimierung von Produktionslinien, die auf Ihre Kapazit\u00e4t und Ziele zugeschnitten sind.<\/li><li>Beratung bei der Auswahl und Beschaffung geeigneter Maschinen und Ausr\u00fcstungen f\u00fcr die Produktion.<\/li><\/ul>\t\t\t\t\t\t\t\t<\/div>\n\t\t\t\t<\/div>\n\t\t\t\t<\/div>\n\t\t<div class=\"elementor-element elementor-element-0b12afc e-con-full e-flex e-con e-child\" data-id=\"0b12afc\" data-element_type=\"container\">\n\t\t\t\t<div class=\"elementor-element elementor-element-6f02879 elementor-widget elementor-widget-image\" data-id=\"6f02879\" data-element_type=\"widget\" data-widget_type=\"image.default\">\n\t\t\t\t<div class=\"elementor-widget-container\">\n\t\t\t\t\t\t\t\t\t\t\t\t\t\t\t<img fetchpriority=\"high\" decoding=\"async\" width=\"800\" height=\"600\" src=\"https:\/\/fahandle.at\/wp-content\/uploads\/2025\/01\/Specialized-Consulting-Services-1.jpg\" class=\"attachment-full size-full wp-image-793\" alt=\"\" srcset=\"https:\/\/fahandle.at\/wp-content\/uploads\/2025\/01\/Specialized-Consulting-Services-1.jpg 800w, https:\/\/fahandle.at\/wp-content\/uploads\/2025\/01\/Specialized-Consulting-Services-1-300x225.jpg 300w, https:\/\/fahandle.at\/wp-content\/uploads\/2025\/01\/Specialized-Consulting-Services-1-768x576.jpg 768w\" sizes=\"(max-width: 800px) 100vw, 800px\" \/>\t\t\t\t\t\t\t\t\t\t\t\t\t\t\t<\/div>\n\t\t\t\t<\/div>\n\t\t\t\t<\/div>\n\t\t\t\t\t<\/div>\n\t\t\t\t<\/div>\n\t\t<div class=\"elementor-element elementor-element-715a28e e-flex e-con-boxed e-con e-parent\" data-id=\"715a28e\" data-element_type=\"container\">\n\t\t\t\t\t<div class=\"e-con-inner\">\n\t\t<div class=\"elementor-element elementor-element-ccea5ba e-con-full e-flex e-con e-child\" data-id=\"ccea5ba\" data-element_type=\"container\">\n\t\t\t\t<div class=\"elementor-element elementor-element-c2addef elementor-widget elementor-widget-image\" data-id=\"c2addef\" data-element_type=\"widget\" data-widget_type=\"image.default\">\n\t\t\t\t<div class=\"elementor-widget-container\">\n\t\t\t\t\t\t\t\t\t\t\t\t\t\t\t<img decoding=\"async\" width=\"800\" height=\"600\" src=\"https:\/\/fahandle.at\/wp-content\/uploads\/2025\/01\/Professional-Support-Services-1.jpg\" class=\"attachment-full size-full wp-image-797\" alt=\"\" srcset=\"https:\/\/fahandle.at\/wp-content\/uploads\/2025\/01\/Professional-Support-Services-1.jpg 800w, https:\/\/fahandle.at\/wp-content\/uploads\/2025\/01\/Professional-Support-Services-1-300x225.jpg 300w, https:\/\/fahandle.at\/wp-content\/uploads\/2025\/01\/Professional-Support-Services-1-768x576.jpg 768w\" sizes=\"(max-width: 800px) 100vw, 800px\" \/>\t\t\t\t\t\t\t\t\t\t\t\t\t\t\t<\/div>\n\t\t\t\t<\/div>\n\t\t\t\t<\/div>\n\t\t<div class=\"elementor-element elementor-element-5aac62a e-con-full e-flex e-con e-child\" data-id=\"5aac62a\" data-element_type=\"container\">\n\t\t\t\t<div class=\"elementor-element elementor-element-24934cd elementor-widget elementor-widget-heading\" data-id=\"24934cd\" data-element_type=\"widget\" data-widget_type=\"heading.default\">\n\t\t\t\t<div class=\"elementor-widget-container\">\n\t\t\t\t\t<h2 class=\"elementor-heading-title elementor-size-default\">Professionelle Support-Dienste<\/h2>\t\t\t\t<\/div>\n\t\t\t\t<\/div>\n\t\t\t\t<div class=\"elementor-element elementor-element-fc58f6e elementor-widget elementor-widget-text-editor\" data-id=\"fc58f6e\" data-element_type=\"widget\" data-widget_type=\"text-editor.default\">\n\t\t\t\t<div class=\"elementor-widget-container\">\n\t\t\t\t\t\t\t\t\t<ul><li>Bereitstellung von Schulungsprogrammen zur Maximierung der Effizienz Ihrer Maschinen und Ausr\u00fcstungen.<\/li><li>Laufende Unterst\u00fctzung zur Bew\u00e4ltigung technischer Herausforderungen und Produktionsproblemen.<\/li><li>Kundendienstleistungen nach dem Verkauf, um die langfristige Leistung Ihrer Ausr\u00fcstungen sicherzustellen.<\/li><li>Pr\u00e4ventive Wartungsprogramme zur Reduzierung von Reparaturkosten und Verbesserung der Produktivit\u00e4t.<\/li><\/ul>\t\t\t\t\t\t\t\t<\/div>\n\t\t\t\t<\/div>\n\t\t\t\t<\/div>\n\t\t\t\t\t<\/div>\n\t\t\t\t<\/div>\n\t\t<div class=\"elementor-element elementor-element-ba2120c e-flex e-con-boxed e-con e-parent\" data-id=\"ba2120c\" data-element_type=\"container\">\n\t\t\t\t\t<div class=\"e-con-inner\">\n\t\t<div class=\"elementor-element elementor-element-3e64435 e-con-full e-flex e-con e-child\" data-id=\"3e64435\" data-element_type=\"container\">\n\t\t\t\t<div class=\"elementor-element elementor-element-e2f93bf elementor-widget elementor-widget-heading\" data-id=\"e2f93bf\" data-element_type=\"widget\" data-widget_type=\"heading.default\">\n\t\t\t\t<div class=\"elementor-widget-container\">\n\t\t\t\t\t<h2 class=\"elementor-heading-title elementor-size-default\">Fortgeschrittener Technischer Service<\/h2>\t\t\t\t<\/div>\n\t\t\t\t<\/div>\n\t\t\t\t<div class=\"elementor-element elementor-element-aa2db91 elementor-widget elementor-widget-text-editor\" data-id=\"aa2db91\" data-element_type=\"widget\" data-widget_type=\"text-editor.default\">\n\t\t\t\t<div class=\"elementor-widget-container\">\n\t\t\t\t\t\t\t\t\t<ul><li>Installation, Einrichtung und pr\u00e4zise Kalibrierung der Produktionsmaschinen.<\/li><li>Optimierung von Produktionsprozessen zur Steigerung der Qualit\u00e4t und Senkung der Kosten.<\/li><li>Fehlerbehebung und spezialisierte Reparatur von Maschinen und Ausr\u00fcstungen.<\/li><li>Aufr\u00fcstung und Modernisierung bestehender Maschinen, um den neuesten Industriestandards zu entsprechen.<\/li><\/ul>\t\t\t\t\t\t\t\t<\/div>\n\t\t\t\t<\/div>\n\t\t\t\t<\/div>\n\t\t<div class=\"elementor-element elementor-element-cf8c50c e-con-full e-flex e-con e-child\" data-id=\"cf8c50c\" data-element_type=\"container\">\n\t\t\t\t<div class=\"elementor-element elementor-element-e79f54c elementor-widget elementor-widget-image\" data-id=\"e79f54c\" data-element_type=\"widget\" data-widget_type=\"image.default\">\n\t\t\t\t<div class=\"elementor-widget-container\">\n\t\t\t\t\t\t\t\t\t\t\t\t\t\t\t<img decoding=\"async\" width=\"800\" height=\"600\" src=\"https:\/\/fahandle.at\/wp-content\/uploads\/2025\/01\/Advanced-Technical-Services-1.jpg\" class=\"attachment-full size-full wp-image-800\" alt=\"\" srcset=\"https:\/\/fahandle.at\/wp-content\/uploads\/2025\/01\/Advanced-Technical-Services-1.jpg 800w, https:\/\/fahandle.at\/wp-content\/uploads\/2025\/01\/Advanced-Technical-Services-1-300x225.jpg 300w, https:\/\/fahandle.at\/wp-content\/uploads\/2025\/01\/Advanced-Technical-Services-1-768x576.jpg 768w\" sizes=\"(max-width: 800px) 100vw, 800px\" \/>\t\t\t\t\t\t\t\t\t\t\t\t\t\t\t<\/div>\n\t\t\t\t<\/div>\n\t\t\t\t<\/div>\n\t\t\t\t\t<\/div>\n\t\t\t\t<\/div>\n\t\t<div class=\"elementor-element elementor-element-17a45af e-flex e-con-boxed e-con e-parent\" data-id=\"17a45af\" data-element_type=\"container\">\n\t\t\t\t\t<div class=\"e-con-inner\">\n\t\t\t\t<div class=\"elementor-element elementor-element-53ee119 elementor-widget elementor-widget-heading\" data-id=\"53ee119\" data-element_type=\"widget\" data-widget_type=\"heading.default\">\n\t\t\t\t<div class=\"elementor-widget-container\">\n\t\t\t\t\t<h2 class=\"elementor-heading-title elementor-size-default\">F\u00fcr weitere Informationen oder um unsere Dienstleistungen anzufordern, kontaktieren Sie uns noch heute.<\/h2>\t\t\t\t<\/div>\n\t\t\t\t<\/div>\n\t\t\t\t<div class=\"elementor-element elementor-element-6075404 elementor-align-center elementor-widget elementor-widget-button\" data-id=\"6075404\" data-element_type=\"widget\" data-widget_type=\"button.default\">\n\t\t\t\t<div class=\"elementor-widget-container\">\n\t\t\t\t\t\t\t\t\t<div class=\"elementor-button-wrapper\">\n\t\t\t\t\t<a class=\"elementor-button elementor-button-link elementor-size-sm elementor-animation-grow\" href=\"https:\/\/fahandle.at\/de\/contact-us\/\">\n\t\t\t\t\t\t<span class=\"elementor-button-content-wrapper\">\n\t\t\t\t\t\t\t\t\t<span class=\"elementor-button-text\">Anfrage senden <\/span>\n\t\t\t\t\t<\/span>\n\t\t\t\t\t<\/a>\n\t\t\t\t<\/div>\n\t\t\t\t\t\t\t\t<\/div>\n\t\t\t\t<\/div>\n\t\t\t\t\t<\/div>\n\t\t\t\t<\/div>\n\t\t\t\t<\/div>","protected":false},"excerpt":{"rendered":"<p>Specialized Consulting Services Analyzing your business needs and identifying strengths and weaknesses. Providing strategic solutions for product development, innovation, and process improvement. Designing and optimizing production lines tailored to your capacity and goals. Advising on the selection and procurement of suitable machinery and equipment for production. Professional Support Services Delivering training programs to maximize the [&hellip;]<\/p>","protected":false},"author":1,"featured_media":0,"parent":15,"menu_order":0,"comment_status":"closed","ping_status":"closed","template":"","meta":{"footnotes":""},"class_list":["post-734","page","type-page","status-publish","hentry"],"_links":{"self":[{"href":"https:\/\/fahandle.at\/de\/wp-json\/wp\/v2\/pages\/734","targetHints":{"allow":["GET"]}}],"collection":[{"href":"https:\/\/fahandle.at\/de\/wp-json\/wp\/v2\/pages"}],"about":[{"href":"https:\/\/fahandle.at\/de\/wp-json\/wp\/v2\/types\/page"}],"author":[{"embeddable":true,"href":"https:\/\/fahandle.at\/de\/wp-json\/wp\/v2\/users\/1"}],"replies":[{"embeddable":true,"href":"https:\/\/fahandle.at\/de\/wp-json\/wp\/v2\/comments?post=734"}],"version-history":[{"count":22,"href":"https:\/\/fahandle.at\/de\/wp-json\/wp\/v2\/pages\/734\/revisions"}],"predecessor-version":[{"id":1351,"href":"https:\/\/fahandle.at\/de\/wp-json\/wp\/v2\/pages\/734\/revisions\/1351"}],"up":[{"embeddable":true,"href":"https:\/\/fahandle.at\/de\/wp-json\/wp\/v2\/pages\/15"}],"wp:attachment":[{"href":"https:\/\/fahandle.at\/de\/wp-json\/wp\/v2\/media?parent=734"}],"curies":[{"name":"wp","href":"https:\/\/api.w.org\/{rel}","templated":true}]}}