{"id":590,"date":"2025-01-10T14:44:23","date_gmt":"2025-01-10T14:44:23","guid":{"rendered":"https:\/\/design.fahandle.at\/?page_id=590"},"modified":"2025-01-20T11:08:27","modified_gmt":"2025-01-20T11:08:27","slug":"infrastructure-machinery","status":"publish","type":"page","link":"https:\/\/fahandle.at\/de\/services\/infrastructure-machinery\/","title":{"rendered":"Infrastrukturmaschinen"},"content":{"rendered":"<div data-elementor-type=\"wp-page\" data-elementor-id=\"590\" class=\"elementor elementor-590\" data-elementor-settings=\"{&quot;element_pack_global_tooltip_width&quot;:{&quot;unit&quot;:&quot;px&quot;,&quot;size&quot;:&quot;&quot;,&quot;sizes&quot;:[]},&quot;element_pack_global_tooltip_width_tablet&quot;:{&quot;unit&quot;:&quot;px&quot;,&quot;size&quot;:&quot;&quot;,&quot;sizes&quot;:[]},&quot;element_pack_global_tooltip_width_mobile&quot;:{&quot;unit&quot;:&quot;px&quot;,&quot;size&quot;:&quot;&quot;,&quot;sizes&quot;:[]},&quot;element_pack_global_tooltip_padding&quot;:{&quot;unit&quot;:&quot;px&quot;,&quot;top&quot;:&quot;&quot;,&quot;right&quot;:&quot;&quot;,&quot;bottom&quot;:&quot;&quot;,&quot;left&quot;:&quot;&quot;,&quot;isLinked&quot;:true},&quot;element_pack_global_tooltip_padding_tablet&quot;:{&quot;unit&quot;:&quot;px&quot;,&quot;top&quot;:&quot;&quot;,&quot;right&quot;:&quot;&quot;,&quot;bottom&quot;:&quot;&quot;,&quot;left&quot;:&quot;&quot;,&quot;isLinked&quot;:true},&quot;element_pack_global_tooltip_padding_mobile&quot;:{&quot;unit&quot;:&quot;px&quot;,&quot;top&quot;:&quot;&quot;,&quot;right&quot;:&quot;&quot;,&quot;bottom&quot;:&quot;&quot;,&quot;left&quot;:&quot;&quot;,&quot;isLinked&quot;:true},&quot;element_pack_global_tooltip_border_radius&quot;:{&quot;unit&quot;:&quot;px&quot;,&quot;top&quot;:&quot;&quot;,&quot;right&quot;:&quot;&quot;,&quot;bottom&quot;:&quot;&quot;,&quot;left&quot;:&quot;&quot;,&quot;isLinked&quot;:true},&quot;element_pack_global_tooltip_border_radius_tablet&quot;:{&quot;unit&quot;:&quot;px&quot;,&quot;top&quot;:&quot;&quot;,&quot;right&quot;:&quot;&quot;,&quot;bottom&quot;:&quot;&quot;,&quot;left&quot;:&quot;&quot;,&quot;isLinked&quot;:true},&quot;element_pack_global_tooltip_border_radius_mobile&quot;:{&quot;unit&quot;:&quot;px&quot;,&quot;top&quot;:&quot;&quot;,&quot;right&quot;:&quot;&quot;,&quot;bottom&quot;:&quot;&quot;,&quot;left&quot;:&quot;&quot;,&quot;isLinked&quot;:true}}\" data-elementor-post-type=\"page\">\n\t\t\t\t<div class=\"elementor-element elementor-element-0049738 e-flex e-con-boxed e-con e-parent\" data-id=\"0049738\" data-element_type=\"container\" data-settings=\"{&quot;background_background&quot;:&quot;classic&quot;}\">\n\t\t\t\t\t<div class=\"e-con-inner\">\n\t\t\t\t<div class=\"elementor-element elementor-element-34b3652 elementor-widget elementor-widget-heading\" data-id=\"34b3652\" data-element_type=\"widget\" data-widget_type=\"heading.default\">\n\t\t\t\t<div class=\"elementor-widget-container\">\n\t\t\t\t\t<h2 class=\"elementor-heading-title elementor-size-default\">Infrastrukturmaschinen<\/h2>\t\t\t\t<\/div>\n\t\t\t\t<\/div>\n\t\t\t\t\t<\/div>\n\t\t\t\t<\/div>\n\t\t<div class=\"elementor-element elementor-element-37576e3 e-flex e-con-boxed e-con e-parent\" data-id=\"37576e3\" data-element_type=\"container\">\n\t\t\t\t\t<div class=\"e-con-inner\">\n\t\t<div class=\"elementor-element elementor-element-aaa5896 e-con-full e-flex e-con e-child\" data-id=\"aaa5896\" data-element_type=\"container\">\n\t\t\t\t<div class=\"elementor-element elementor-element-5156e59 elementor-widget elementor-widget-heading\" data-id=\"5156e59\" data-element_type=\"widget\" data-widget_type=\"heading.default\">\n\t\t\t\t<div class=\"elementor-widget-container\">\n\t\t\t\t\t<h2 class=\"elementor-heading-title elementor-size-default\">Infrastrukturmaschinen<\/h2>\t\t\t\t<\/div>\n\t\t\t\t<\/div>\n\t\t\t\t<div class=\"elementor-element elementor-element-811a56f elementor-widget elementor-widget-text-editor\" data-id=\"811a56f\" data-element_type=\"widget\" data-widget_type=\"text-editor.default\">\n\t\t\t\t<div class=\"elementor-widget-container\">\n\t\t\t\t\t\t\t\t\t<p>Diese Kategorie umfasst Ger\u00e4te, die die notwendige Infrastruktur f\u00fcr Lebensmittelproduktionslinien bereitstellen. Diese Maschinen nehmen nicht direkt am Produktionsprozess teil, sind jedoch entscheidend f\u00fcr die Unterst\u00fctzung der Abl\u00e4ufe.<\/p>\t\t\t\t\t\t\t\t<\/div>\n\t\t\t\t<\/div>\n\t\t\t\t<\/div>\n\t\t<div class=\"elementor-element elementor-element-a28480e e-con-full e-flex e-con e-child\" data-id=\"a28480e\" data-element_type=\"container\">\n\t\t\t\t<div class=\"elementor-element elementor-element-1282366 elementor-widget elementor-widget-image\" data-id=\"1282366\" data-element_type=\"widget\" data-widget_type=\"image.default\">\n\t\t\t\t<div class=\"elementor-widget-container\">\n\t\t\t\t\t\t\t\t\t\t\t\t\t\t\t<img fetchpriority=\"high\" decoding=\"async\" width=\"800\" height=\"600\" src=\"https:\/\/fahandle.at\/wp-content\/uploads\/2025\/01\/Infrastructure-Machinery-02.jpg\" class=\"attachment-full size-full wp-image-836\" alt=\"\" srcset=\"https:\/\/fahandle.at\/wp-content\/uploads\/2025\/01\/Infrastructure-Machinery-02.jpg 800w, https:\/\/fahandle.at\/wp-content\/uploads\/2025\/01\/Infrastructure-Machinery-02-300x225.jpg 300w, https:\/\/fahandle.at\/wp-content\/uploads\/2025\/01\/Infrastructure-Machinery-02-768x576.jpg 768w\" sizes=\"(max-width: 800px) 100vw, 800px\" \/>\t\t\t\t\t\t\t\t\t\t\t\t\t\t\t<\/div>\n\t\t\t\t<\/div>\n\t\t\t\t<\/div>\n\t\t\t\t\t<\/div>\n\t\t\t\t<\/div>\n\t\t<div class=\"elementor-element elementor-element-38b9857 e-flex e-con-boxed e-con e-parent\" data-id=\"38b9857\" data-element_type=\"container\">\n\t\t\t\t\t<div class=\"e-con-inner\">\n\t\t<div class=\"elementor-element elementor-element-b4bc963 e-con-full e-flex e-con e-child\" data-id=\"b4bc963\" data-element_type=\"container\">\n\t\t\t\t<div class=\"elementor-element elementor-element-93042a3 elementor-widget elementor-widget-image\" data-id=\"93042a3\" data-element_type=\"widget\" data-widget_type=\"image.default\">\n\t\t\t\t<div class=\"elementor-widget-container\">\n\t\t\t\t\t\t\t\t\t\t\t\t\t\t\t<img decoding=\"async\" width=\"800\" height=\"600\" src=\"https:\/\/fahandle.at\/wp-content\/uploads\/2025\/01\/Cooling-and-Heating-Systems.jpg\" class=\"attachment-full size-full wp-image-748\" alt=\"\" srcset=\"https:\/\/fahandle.at\/wp-content\/uploads\/2025\/01\/Cooling-and-Heating-Systems.jpg 800w, https:\/\/fahandle.at\/wp-content\/uploads\/2025\/01\/Cooling-and-Heating-Systems-300x225.jpg 300w, https:\/\/fahandle.at\/wp-content\/uploads\/2025\/01\/Cooling-and-Heating-Systems-768x576.jpg 768w\" sizes=\"(max-width: 800px) 100vw, 800px\" \/>\t\t\t\t\t\t\t\t\t\t\t\t\t\t\t<\/div>\n\t\t\t\t<\/div>\n\t\t\t\t<\/div>\n\t\t<div class=\"elementor-element elementor-element-a961cf1 e-con-full e-flex e-con e-child\" data-id=\"a961cf1\" data-element_type=\"container\">\n\t\t\t\t<div class=\"elementor-element elementor-element-6f5090a elementor-widget elementor-widget-heading\" data-id=\"6f5090a\" data-element_type=\"widget\" data-widget_type=\"heading.default\">\n\t\t\t\t<div class=\"elementor-widget-container\">\n\t\t\t\t\t<h2 class=\"elementor-heading-title elementor-size-default\">I. K\u00fchl- und Heizsysteme<\/h2>\t\t\t\t<\/div>\n\t\t\t\t<\/div>\n\t\t\t\t<div class=\"elementor-element elementor-element-393f4bf elementor-widget elementor-widget-text-editor\" data-id=\"393f4bf\" data-element_type=\"widget\" data-widget_type=\"text-editor.default\">\n\t\t\t\t<div class=\"elementor-widget-container\">\n\t\t\t\t\t\t\t\t\t<p>Ausr\u00fcstungen zur Temperaturregelung und Umweltsteuerung, wie K\u00fchler, K\u00fchllager und Zentralheizungssysteme.<\/p>\t\t\t\t\t\t\t\t<\/div>\n\t\t\t\t<\/div>\n\t\t\t\t<\/div>\n\t\t\t\t\t<\/div>\n\t\t\t\t<\/div>\n\t\t<div class=\"elementor-element elementor-element-7fc5cd9 e-flex e-con-boxed e-con e-parent\" data-id=\"7fc5cd9\" data-element_type=\"container\">\n\t\t\t\t\t<div class=\"e-con-inner\">\n\t\t<div class=\"elementor-element elementor-element-c0075e6 e-con-full e-flex e-con e-child\" data-id=\"c0075e6\" data-element_type=\"container\">\n\t\t\t\t<div class=\"elementor-element elementor-element-4074d9f elementor-widget elementor-widget-heading\" data-id=\"4074d9f\" data-element_type=\"widget\" data-widget_type=\"heading.default\">\n\t\t\t\t<div class=\"elementor-widget-container\">\n\t\t\t\t\t<h2 class=\"elementor-heading-title elementor-size-default\">II. Energie- und Stromgeneratoren<\/h2>\t\t\t\t<\/div>\n\t\t\t\t<\/div>\n\t\t\t\t<div class=\"elementor-element elementor-element-d613d2a elementor-widget elementor-widget-text-editor\" data-id=\"d613d2a\" data-element_type=\"widget\" data-widget_type=\"text-editor.default\">\n\t\t\t\t<div class=\"elementor-widget-container\">\n\t\t\t\t\t\t\t\t\t<p>Generatoren, Solaranlagen oder gasbetriebene Systeme zur Gew\u00e4hrleistung einer stabilen Energieversorgung f\u00fcr die Produktion.<\/p>\t\t\t\t\t\t\t\t<\/div>\n\t\t\t\t<\/div>\n\t\t\t\t<\/div>\n\t\t<div class=\"elementor-element elementor-element-08ff493 e-con-full e-flex e-con e-child\" data-id=\"08ff493\" data-element_type=\"container\">\n\t\t\t\t<div class=\"elementor-element elementor-element-e4e6887 elementor-widget elementor-widget-image\" data-id=\"e4e6887\" data-element_type=\"widget\" data-widget_type=\"image.default\">\n\t\t\t\t<div class=\"elementor-widget-container\">\n\t\t\t\t\t\t\t\t\t\t\t\t\t\t\t<img decoding=\"async\" width=\"800\" height=\"600\" src=\"https:\/\/fahandle.at\/wp-content\/uploads\/2025\/01\/Steam-Generators-and-Boilers.jpg\" class=\"attachment-full size-full wp-image-754\" alt=\"\" srcset=\"https:\/\/fahandle.at\/wp-content\/uploads\/2025\/01\/Steam-Generators-and-Boilers.jpg 800w, https:\/\/fahandle.at\/wp-content\/uploads\/2025\/01\/Steam-Generators-and-Boilers-300x225.jpg 300w, https:\/\/fahandle.at\/wp-content\/uploads\/2025\/01\/Steam-Generators-and-Boilers-768x576.jpg 768w\" sizes=\"(max-width: 800px) 100vw, 800px\" \/>\t\t\t\t\t\t\t\t\t\t\t\t\t\t\t<\/div>\n\t\t\t\t<\/div>\n\t\t\t\t<\/div>\n\t\t\t\t\t<\/div>\n\t\t\t\t<\/div>\n\t\t<div class=\"elementor-element elementor-element-fa18fe6 e-flex e-con-boxed e-con e-parent\" data-id=\"fa18fe6\" data-element_type=\"container\">\n\t\t\t\t\t<div class=\"e-con-inner\">\n\t\t<div class=\"elementor-element elementor-element-54225dd e-con-full e-flex e-con e-child\" data-id=\"54225dd\" data-element_type=\"container\">\n\t\t\t\t<div class=\"elementor-element elementor-element-2b09cc8 elementor-widget elementor-widget-image\" data-id=\"2b09cc8\" data-element_type=\"widget\" data-widget_type=\"image.default\">\n\t\t\t\t<div class=\"elementor-widget-container\">\n\t\t\t\t\t\t\t\t\t\t\t\t\t\t\t<img loading=\"lazy\" decoding=\"async\" width=\"800\" height=\"600\" src=\"https:\/\/fahandle.at\/wp-content\/uploads\/2025\/01\/genarators.jpg\" class=\"attachment-full size-full wp-image-939\" alt=\"\" srcset=\"https:\/\/fahandle.at\/wp-content\/uploads\/2025\/01\/genarators.jpg 800w, https:\/\/fahandle.at\/wp-content\/uploads\/2025\/01\/genarators-300x225.jpg 300w, https:\/\/fahandle.at\/wp-content\/uploads\/2025\/01\/genarators-768x576.jpg 768w\" sizes=\"(max-width: 800px) 100vw, 800px\" \/>\t\t\t\t\t\t\t\t\t\t\t\t\t\t\t<\/div>\n\t\t\t\t<\/div>\n\t\t\t\t<\/div>\n\t\t<div class=\"elementor-element elementor-element-87051ac e-con-full e-flex e-con e-child\" data-id=\"87051ac\" data-element_type=\"container\">\n\t\t\t\t<div class=\"elementor-element elementor-element-7beec32 elementor-widget elementor-widget-heading\" data-id=\"7beec32\" data-element_type=\"widget\" data-widget_type=\"heading.default\">\n\t\t\t\t<div class=\"elementor-widget-container\">\n\t\t\t\t\t<h2 class=\"elementor-heading-title elementor-size-default\">III. Dampfgeneratoren und Kessel<\/h2>\t\t\t\t<\/div>\n\t\t\t\t<\/div>\n\t\t\t\t<div class=\"elementor-element elementor-element-03d330a elementor-widget elementor-widget-text-editor\" data-id=\"03d330a\" data-element_type=\"widget\" data-widget_type=\"text-editor.default\">\n\t\t\t\t<div class=\"elementor-widget-container\">\n\t\t\t\t\t\t\t\t\t<p>Werden zur Erzeugung von Dampf ben\u00f6tigt, der f\u00fcr das Kochen, Reinigen oder Verarbeiten von Lebensmitteln erforderlich ist.<\/p>\t\t\t\t\t\t\t\t<\/div>\n\t\t\t\t<\/div>\n\t\t\t\t<\/div>\n\t\t\t\t\t<\/div>\n\t\t\t\t<\/div>\n\t\t<div class=\"elementor-element elementor-element-c36399e e-flex e-con-boxed e-con e-parent\" data-id=\"c36399e\" data-element_type=\"container\">\n\t\t\t\t\t<div class=\"e-con-inner\">\n\t\t<div class=\"elementor-element elementor-element-a4cf444 e-con-full e-flex e-con e-child\" data-id=\"a4cf444\" data-element_type=\"container\">\n\t\t\t\t<div class=\"elementor-element elementor-element-6d2766b elementor-widget elementor-widget-heading\" data-id=\"6d2766b\" data-element_type=\"widget\" data-widget_type=\"heading.default\">\n\t\t\t\t<div class=\"elementor-widget-container\">\n\t\t\t\t\t<h2 class=\"elementor-heading-title elementor-size-default\"> IV. Wasserversorgungs- und Aufbereitungssysteme<\/h2>\t\t\t\t<\/div>\n\t\t\t\t<\/div>\n\t\t\t\t<div class=\"elementor-element elementor-element-4c40a94 elementor-widget elementor-widget-text-editor\" data-id=\"4c40a94\" data-element_type=\"widget\" data-widget_type=\"text-editor.default\">\n\t\t\t\t<div class=\"elementor-widget-container\">\n\t\t\t\t\t\t\t\t\t<p>Pumpen, Filtrations- und Reinigungssysteme zur Gew\u00e4hrleistung einer hygienischen und ausreichenden Wasserversorgung.<\/p>\t\t\t\t\t\t\t\t<\/div>\n\t\t\t\t<\/div>\n\t\t\t\t<\/div>\n\t\t<div class=\"elementor-element elementor-element-dec886e e-con-full e-flex e-con e-child\" data-id=\"dec886e\" data-element_type=\"container\">\n\t\t\t\t<div class=\"elementor-element elementor-element-d941748 elementor-widget elementor-widget-image\" data-id=\"d941748\" data-element_type=\"widget\" data-widget_type=\"image.default\">\n\t\t\t\t<div class=\"elementor-widget-container\">\n\t\t\t\t\t\t\t\t\t\t\t\t\t\t\t<img loading=\"lazy\" decoding=\"async\" width=\"800\" height=\"600\" src=\"https:\/\/fahandle.at\/wp-content\/uploads\/2025\/01\/nadadli.jpg\" class=\"attachment-full size-full wp-image-949\" alt=\"\" srcset=\"https:\/\/fahandle.at\/wp-content\/uploads\/2025\/01\/nadadli.jpg 800w, https:\/\/fahandle.at\/wp-content\/uploads\/2025\/01\/nadadli-300x225.jpg 300w, https:\/\/fahandle.at\/wp-content\/uploads\/2025\/01\/nadadli-768x576.jpg 768w\" sizes=\"(max-width: 800px) 100vw, 800px\" \/>\t\t\t\t\t\t\t\t\t\t\t\t\t\t\t<\/div>\n\t\t\t\t<\/div>\n\t\t\t\t<\/div>\n\t\t\t\t\t<\/div>\n\t\t\t\t<\/div>\n\t\t<div class=\"elementor-element elementor-element-0476de8 e-flex e-con-boxed e-con e-parent\" data-id=\"0476de8\" data-element_type=\"container\">\n\t\t\t\t\t<div class=\"e-con-inner\">\n\t\t<div class=\"elementor-element elementor-element-f8c439a e-con-full e-flex e-con e-child\" data-id=\"f8c439a\" data-element_type=\"container\">\n\t\t\t\t<div class=\"elementor-element elementor-element-fe1ec93 elementor-widget elementor-widget-image\" data-id=\"fe1ec93\" data-element_type=\"widget\" data-widget_type=\"image.default\">\n\t\t\t\t<div class=\"elementor-widget-container\">\n\t\t\t\t\t\t\t\t\t\t\t\t\t\t\t<img loading=\"lazy\" decoding=\"async\" width=\"800\" height=\"600\" src=\"https:\/\/fahandle.at\/wp-content\/uploads\/2025\/01\/Production-Machinery-1.jpg\" class=\"attachment-full size-full wp-image-811\" alt=\"\" srcset=\"https:\/\/fahandle.at\/wp-content\/uploads\/2025\/01\/Production-Machinery-1.jpg 800w, https:\/\/fahandle.at\/wp-content\/uploads\/2025\/01\/Production-Machinery-1-300x225.jpg 300w, https:\/\/fahandle.at\/wp-content\/uploads\/2025\/01\/Production-Machinery-1-768x576.jpg 768w\" sizes=\"(max-width: 800px) 100vw, 800px\" \/>\t\t\t\t\t\t\t\t\t\t\t\t\t\t\t<\/div>\n\t\t\t\t<\/div>\n\t\t\t\t<\/div>\n\t\t<div class=\"elementor-element elementor-element-63d983c e-con-full e-flex e-con e-child\" data-id=\"63d983c\" data-element_type=\"container\">\n\t\t\t\t<div class=\"elementor-element elementor-element-81f9dcf elementor-widget elementor-widget-heading\" data-id=\"81f9dcf\" data-element_type=\"widget\" data-widget_type=\"heading.default\">\n\t\t\t\t<div class=\"elementor-widget-container\">\n\t\t\t\t\t<h2 class=\"elementor-heading-title elementor-size-default\">V. Transport- und Lagersysteme<\/h2>\t\t\t\t<\/div>\n\t\t\t\t<\/div>\n\t\t\t\t<div class=\"elementor-element elementor-element-06996ef elementor-widget elementor-widget-text-editor\" data-id=\"06996ef\" data-element_type=\"widget\" data-widget_type=\"text-editor.default\">\n\t\t\t\t<div class=\"elementor-widget-container\">\n\t\t\t\t\t\t\t\t\t<p>Wir bieten fortschrittliche Transport- und Lagerl\u00f6sungen, die darauf ausgelegt sind, die Logistik zu optimieren, die Effizienz zu steigern und die sichere Handhabung von Waren in jeder Phase der Lieferkette zu gew\u00e4hrleisten.<\/p>\t\t\t\t\t\t\t\t<\/div>\n\t\t\t\t<\/div>\n\t\t\t\t<\/div>\n\t\t\t\t\t<\/div>\n\t\t\t\t<\/div>\n\t\t<div class=\"elementor-element elementor-element-e493653 e-flex e-con-boxed e-con e-parent\" data-id=\"e493653\" data-element_type=\"container\">\n\t\t\t\t\t<div class=\"e-con-inner\">\n\t\t\t\t<div class=\"elementor-element elementor-element-20eb3ab elementor-widget elementor-widget-heading\" data-id=\"20eb3ab\" data-element_type=\"widget\" data-widget_type=\"heading.default\">\n\t\t\t\t<div class=\"elementor-widget-container\">\n\t\t\t\t\t<h2 class=\"elementor-heading-title elementor-size-default\">F\u00fcr weitere Informationen oder um unsere Dienstleistungen anzufordern, kontaktieren Sie uns noch heute.<\/h2>\t\t\t\t<\/div>\n\t\t\t\t<\/div>\n\t\t\t\t<div class=\"elementor-element elementor-element-4251070 elementor-align-center elementor-widget elementor-widget-button\" data-id=\"4251070\" data-element_type=\"widget\" data-widget_type=\"button.default\">\n\t\t\t\t<div class=\"elementor-widget-container\">\n\t\t\t\t\t\t\t\t\t<div class=\"elementor-button-wrapper\">\n\t\t\t\t\t<a class=\"elementor-button elementor-button-link elementor-size-sm elementor-animation-grow\" href=\"https:\/\/fahandle.at\/de\/contact-us\/\">\n\t\t\t\t\t\t<span class=\"elementor-button-content-wrapper\">\n\t\t\t\t\t\t\t\t\t<span class=\"elementor-button-text\">Anfrage senden <\/span>\n\t\t\t\t\t<\/span>\n\t\t\t\t\t<\/a>\n\t\t\t\t<\/div>\n\t\t\t\t\t\t\t\t<\/div>\n\t\t\t\t<\/div>\n\t\t\t\t\t<\/div>\n\t\t\t\t<\/div>\n\t\t\t\t<\/div>","protected":false},"excerpt":{"rendered":"<p>Infrastructure Machinery Infrastructure Machinery This category includes equipment that provides essential infrastructure for food production lines. These machines do not directly participate in the production process but are critical for supporting operations. I. Cooling and Heating Systems Equipment for temperature control and environmental regulation, such as chillers, cold storage units, and central heating systems. II. [&hellip;]<\/p>","protected":false},"author":1,"featured_media":0,"parent":15,"menu_order":0,"comment_status":"closed","ping_status":"closed","template":"","meta":{"footnotes":""},"class_list":["post-590","page","type-page","status-publish","hentry"],"_links":{"self":[{"href":"https:\/\/fahandle.at\/de\/wp-json\/wp\/v2\/pages\/590","targetHints":{"allow":["GET"]}}],"collection":[{"href":"https:\/\/fahandle.at\/de\/wp-json\/wp\/v2\/pages"}],"about":[{"href":"https:\/\/fahandle.at\/de\/wp-json\/wp\/v2\/types\/page"}],"author":[{"embeddable":true,"href":"https:\/\/fahandle.at\/de\/wp-json\/wp\/v2\/users\/1"}],"replies":[{"embeddable":true,"href":"https:\/\/fahandle.at\/de\/wp-json\/wp\/v2\/comments?post=590"}],"version-history":[{"count":70,"href":"https:\/\/fahandle.at\/de\/wp-json\/wp\/v2\/pages\/590\/revisions"}],"predecessor-version":[{"id":1354,"href":"https:\/\/fahandle.at\/de\/wp-json\/wp\/v2\/pages\/590\/revisions\/1354"}],"up":[{"embeddable":true,"href":"https:\/\/fahandle.at\/de\/wp-json\/wp\/v2\/pages\/15"}],"wp:attachment":[{"href":"https:\/\/fahandle.at\/de\/wp-json\/wp\/v2\/media?parent=590"}],"curies":[{"name":"wp","href":"https:\/\/api.w.org\/{rel}","templated":true}]}}