{"id":582,"date":"2025-01-10T14:43:25","date_gmt":"2025-01-10T14:43:25","guid":{"rendered":"https:\/\/design.fahandle.at\/?page_id=582"},"modified":"2025-01-20T10:57:06","modified_gmt":"2025-01-20T10:57:06","slug":"casings","status":"publish","type":"page","link":"https:\/\/fahandle.at\/de\/services\/casings\/","title":{"rendered":"Geh\u00e4use"},"content":{"rendered":"<div data-elementor-type=\"wp-page\" data-elementor-id=\"582\" class=\"elementor elementor-582\" data-elementor-settings=\"{&quot;element_pack_global_tooltip_width&quot;:{&quot;unit&quot;:&quot;px&quot;,&quot;size&quot;:&quot;&quot;,&quot;sizes&quot;:[]},&quot;element_pack_global_tooltip_width_tablet&quot;:{&quot;unit&quot;:&quot;px&quot;,&quot;size&quot;:&quot;&quot;,&quot;sizes&quot;:[]},&quot;element_pack_global_tooltip_width_mobile&quot;:{&quot;unit&quot;:&quot;px&quot;,&quot;size&quot;:&quot;&quot;,&quot;sizes&quot;:[]},&quot;element_pack_global_tooltip_padding&quot;:{&quot;unit&quot;:&quot;px&quot;,&quot;top&quot;:&quot;&quot;,&quot;right&quot;:&quot;&quot;,&quot;bottom&quot;:&quot;&quot;,&quot;left&quot;:&quot;&quot;,&quot;isLinked&quot;:true},&quot;element_pack_global_tooltip_padding_tablet&quot;:{&quot;unit&quot;:&quot;px&quot;,&quot;top&quot;:&quot;&quot;,&quot;right&quot;:&quot;&quot;,&quot;bottom&quot;:&quot;&quot;,&quot;left&quot;:&quot;&quot;,&quot;isLinked&quot;:true},&quot;element_pack_global_tooltip_padding_mobile&quot;:{&quot;unit&quot;:&quot;px&quot;,&quot;top&quot;:&quot;&quot;,&quot;right&quot;:&quot;&quot;,&quot;bottom&quot;:&quot;&quot;,&quot;left&quot;:&quot;&quot;,&quot;isLinked&quot;:true},&quot;element_pack_global_tooltip_border_radius&quot;:{&quot;unit&quot;:&quot;px&quot;,&quot;top&quot;:&quot;&quot;,&quot;right&quot;:&quot;&quot;,&quot;bottom&quot;:&quot;&quot;,&quot;left&quot;:&quot;&quot;,&quot;isLinked&quot;:true},&quot;element_pack_global_tooltip_border_radius_tablet&quot;:{&quot;unit&quot;:&quot;px&quot;,&quot;top&quot;:&quot;&quot;,&quot;right&quot;:&quot;&quot;,&quot;bottom&quot;:&quot;&quot;,&quot;left&quot;:&quot;&quot;,&quot;isLinked&quot;:true},&quot;element_pack_global_tooltip_border_radius_mobile&quot;:{&quot;unit&quot;:&quot;px&quot;,&quot;top&quot;:&quot;&quot;,&quot;right&quot;:&quot;&quot;,&quot;bottom&quot;:&quot;&quot;,&quot;left&quot;:&quot;&quot;,&quot;isLinked&quot;:true}}\" data-elementor-post-type=\"page\">\n\t\t\t\t<div class=\"elementor-element elementor-element-46769ae e-flex e-con-boxed e-con e-parent\" data-id=\"46769ae\" data-element_type=\"container\" data-settings=\"{&quot;background_background&quot;:&quot;classic&quot;}\">\n\t\t\t\t\t<div class=\"e-con-inner\">\n\t\t\t\t\t<\/div>\n\t\t\t\t<\/div>\n\t\t<div class=\"elementor-element elementor-element-433e62d e-flex e-con-boxed e-con e-parent\" data-id=\"433e62d\" data-element_type=\"container\">\n\t\t\t\t\t<div class=\"e-con-inner\">\n\t\t<div class=\"elementor-element elementor-element-ac056c5 e-con-full e-flex e-con e-child\" data-id=\"ac056c5\" data-element_type=\"container\">\n\t\t\t\t<div class=\"elementor-element elementor-element-2206621 elementor-widget elementor-widget-heading\" data-id=\"2206621\" data-element_type=\"widget\" data-widget_type=\"heading.default\">\n\t\t\t\t<div class=\"elementor-widget-container\">\n\t\t\t\t\t<h2 class=\"elementor-heading-title elementor-size-default\">Faserh\u00fcllen<\/h2>\t\t\t\t<\/div>\n\t\t\t\t<\/div>\n\t\t\t\t<div class=\"elementor-element elementor-element-9e7cc9b elementor-widget elementor-widget-text-editor\" data-id=\"9e7cc9b\" data-element_type=\"widget\" data-widget_type=\"text-editor.default\">\n\t\t\t\t<div class=\"elementor-widget-container\">\n\t\t\t\t\t\t\t\t\t<p>Wir bieten das breiteste Sortiment an Durchmessern, von den kleinsten bis zu den gr\u00f6\u00dften H\u00fcllendurchmessern. Faserh\u00fcllen werden f\u00fcr eine Vielzahl von Anwendungen verwendet, wie z. B. Pepperoni, Salami und Aufschnitt.<\/p>\t\t\t\t\t\t\t\t<\/div>\n\t\t\t\t<\/div>\n\t\t\t\t<\/div>\n\t\t<div class=\"elementor-element elementor-element-7ebcf2d e-con-full e-flex e-con e-child\" data-id=\"7ebcf2d\" data-element_type=\"container\">\n\t\t\t\t<div class=\"elementor-element elementor-element-b1f2c85 elementor-widget elementor-widget-image\" data-id=\"b1f2c85\" data-element_type=\"widget\" data-widget_type=\"image.default\">\n\t\t\t\t<div class=\"elementor-widget-container\">\n\t\t\t\t\t\t\t\t\t\t\t\t\t\t\t<img fetchpriority=\"high\" decoding=\"async\" width=\"800\" height=\"800\" src=\"https:\/\/fahandle.at\/wp-content\/uploads\/2025\/01\/fibrous-casings.jpg\" class=\"attachment-full size-full wp-image-788\" alt=\"\" srcset=\"https:\/\/fahandle.at\/wp-content\/uploads\/2025\/01\/fibrous-casings.jpg 800w, https:\/\/fahandle.at\/wp-content\/uploads\/2025\/01\/fibrous-casings-300x300.jpg 300w, https:\/\/fahandle.at\/wp-content\/uploads\/2025\/01\/fibrous-casings-150x150.jpg 150w, https:\/\/fahandle.at\/wp-content\/uploads\/2025\/01\/fibrous-casings-768x768.jpg 768w\" sizes=\"(max-width: 800px) 100vw, 800px\" \/>\t\t\t\t\t\t\t\t\t\t\t\t\t\t\t<\/div>\n\t\t\t\t<\/div>\n\t\t\t\t<\/div>\n\t\t\t\t\t<\/div>\n\t\t\t\t<\/div>\n\t\t<div class=\"elementor-element elementor-element-0c7711d e-flex e-con-boxed e-con e-parent\" data-id=\"0c7711d\" data-element_type=\"container\">\n\t\t\t\t\t<div class=\"e-con-inner\">\n\t\t<div class=\"elementor-element elementor-element-76e1e45 e-con-full e-flex e-con e-child\" data-id=\"76e1e45\" data-element_type=\"container\">\n\t\t\t\t<div class=\"elementor-element elementor-element-274630b elementor-widget elementor-widget-image\" data-id=\"274630b\" data-element_type=\"widget\" data-widget_type=\"image.default\">\n\t\t\t\t<div class=\"elementor-widget-container\">\n\t\t\t\t\t\t\t\t\t\t\t\t\t\t\t<img decoding=\"async\" width=\"800\" height=\"800\" src=\"https:\/\/fahandle.at\/wp-content\/uploads\/2025\/01\/Cellulose-Casings.jpg\" class=\"attachment-full size-full wp-image-789\" alt=\"\" srcset=\"https:\/\/fahandle.at\/wp-content\/uploads\/2025\/01\/Cellulose-Casings.jpg 800w, https:\/\/fahandle.at\/wp-content\/uploads\/2025\/01\/Cellulose-Casings-300x300.jpg 300w, https:\/\/fahandle.at\/wp-content\/uploads\/2025\/01\/Cellulose-Casings-150x150.jpg 150w, https:\/\/fahandle.at\/wp-content\/uploads\/2025\/01\/Cellulose-Casings-768x768.jpg 768w\" sizes=\"(max-width: 800px) 100vw, 800px\" \/>\t\t\t\t\t\t\t\t\t\t\t\t\t\t\t<\/div>\n\t\t\t\t<\/div>\n\t\t\t\t<\/div>\n\t\t<div class=\"elementor-element elementor-element-a187c5e e-con-full e-flex e-con e-child\" data-id=\"a187c5e\" data-element_type=\"container\">\n\t\t\t\t<div class=\"elementor-element elementor-element-a21fc63 elementor-widget elementor-widget-heading\" data-id=\"a21fc63\" data-element_type=\"widget\" data-widget_type=\"heading.default\">\n\t\t\t\t<div class=\"elementor-widget-container\">\n\t\t\t\t\t<h2 class=\"elementor-heading-title elementor-size-default\">Celluloseh\u00fcllen<\/h2>\t\t\t\t<\/div>\n\t\t\t\t<\/div>\n\t\t\t\t<div class=\"elementor-element elementor-element-b550b5d elementor-widget elementor-widget-text-editor\" data-id=\"b550b5d\" data-element_type=\"widget\" data-widget_type=\"text-editor.default\">\n\t\t\t\t<div class=\"elementor-widget-container\">\n\t\t\t\t\t\t\t\t\t<p>Wir bieten unseren Kunden die effizientesten Celluloseh\u00fcllen auf dem Markt. Sie werden f\u00fcr eine Vielzahl von Anwendungen verwendet, wie Frankfurter, Hot Dogs, Bierspezialit\u00e4ten und Mini-Salami.<\/p>\t\t\t\t\t\t\t\t<\/div>\n\t\t\t\t<\/div>\n\t\t\t\t<\/div>\n\t\t\t\t\t<\/div>\n\t\t\t\t<\/div>\n\t\t<div class=\"elementor-element elementor-element-19e95d1 e-flex e-con-boxed e-con e-parent\" data-id=\"19e95d1\" data-element_type=\"container\">\n\t\t\t\t\t<div class=\"e-con-inner\">\n\t\t\t\t<div class=\"elementor-element elementor-element-adafb67 elementor-widget elementor-widget-heading\" data-id=\"adafb67\" data-element_type=\"widget\" data-widget_type=\"heading.default\">\n\t\t\t\t<div class=\"elementor-widget-container\">\n\t\t\t\t\t<h2 class=\"elementor-heading-title elementor-size-default\">F\u00fcr weitere Informationen oder um unsere Dienstleistungen anzufordern, kontaktieren Sie uns noch heute.<\/h2>\t\t\t\t<\/div>\n\t\t\t\t<\/div>\n\t\t\t\t<div class=\"elementor-element elementor-element-2420612 elementor-align-center elementor-widget elementor-widget-button\" data-id=\"2420612\" data-element_type=\"widget\" data-widget_type=\"button.default\">\n\t\t\t\t<div class=\"elementor-widget-container\">\n\t\t\t\t\t\t\t\t\t<div class=\"elementor-button-wrapper\">\n\t\t\t\t\t<a class=\"elementor-button elementor-button-link elementor-size-sm elementor-animation-grow\" href=\"https:\/\/fahandle.at\/de\/contact-us\/\">\n\t\t\t\t\t\t<span class=\"elementor-button-content-wrapper\">\n\t\t\t\t\t\t\t\t\t<span class=\"elementor-button-text\">Anfrage senden <\/span>\n\t\t\t\t\t<\/span>\n\t\t\t\t\t<\/a>\n\t\t\t\t<\/div>\n\t\t\t\t\t\t\t\t<\/div>\n\t\t\t\t<\/div>\n\t\t\t\t\t<\/div>\n\t\t\t\t<\/div>\n\t\t\t\t<\/div>","protected":false},"excerpt":{"rendered":"<p>Fibrous Casings We offer the widest range of diameters, from the smallest to the largest casing diameter. Fibrous casings are used for a wide range of applications, such as pepperoni, salami, and lunch meats Cellulose Casings We offer our customers the most efficient cellulose casing available. It used for a wide range of applications, such [&hellip;]<\/p>","protected":false},"author":1,"featured_media":0,"parent":15,"menu_order":0,"comment_status":"closed","ping_status":"closed","template":"","meta":{"footnotes":""},"class_list":["post-582","page","type-page","status-publish","hentry"],"_links":{"self":[{"href":"https:\/\/fahandle.at\/de\/wp-json\/wp\/v2\/pages\/582","targetHints":{"allow":["GET"]}}],"collection":[{"href":"https:\/\/fahandle.at\/de\/wp-json\/wp\/v2\/pages"}],"about":[{"href":"https:\/\/fahandle.at\/de\/wp-json\/wp\/v2\/types\/page"}],"author":[{"embeddable":true,"href":"https:\/\/fahandle.at\/de\/wp-json\/wp\/v2\/users\/1"}],"replies":[{"embeddable":true,"href":"https:\/\/fahandle.at\/de\/wp-json\/wp\/v2\/comments?post=582"}],"version-history":[{"count":25,"href":"https:\/\/fahandle.at\/de\/wp-json\/wp\/v2\/pages\/582\/revisions"}],"predecessor-version":[{"id":1345,"href":"https:\/\/fahandle.at\/de\/wp-json\/wp\/v2\/pages\/582\/revisions\/1345"}],"up":[{"embeddable":true,"href":"https:\/\/fahandle.at\/de\/wp-json\/wp\/v2\/pages\/15"}],"wp:attachment":[{"href":"https:\/\/fahandle.at\/de\/wp-json\/wp\/v2\/media?parent=582"}],"curies":[{"name":"wp","href":"https:\/\/api.w.org\/{rel}","templated":true}]}}