{"id":580,"date":"2025-01-10T14:43:11","date_gmt":"2025-01-10T14:43:11","guid":{"rendered":"https:\/\/design.fahandle.at\/?page_id=580"},"modified":"2025-01-20T09:53:49","modified_gmt":"2025-01-20T09:53:49","slug":"packaging-films","status":"publish","type":"page","link":"https:\/\/fahandle.at\/de\/services\/packaging-films\/","title":{"rendered":"Verpackungsfolien"},"content":{"rendered":"<div data-elementor-type=\"wp-page\" data-elementor-id=\"580\" class=\"elementor elementor-580\" data-elementor-settings=\"{&quot;element_pack_global_tooltip_width&quot;:{&quot;unit&quot;:&quot;px&quot;,&quot;size&quot;:&quot;&quot;,&quot;sizes&quot;:[]},&quot;element_pack_global_tooltip_width_tablet&quot;:{&quot;unit&quot;:&quot;px&quot;,&quot;size&quot;:&quot;&quot;,&quot;sizes&quot;:[]},&quot;element_pack_global_tooltip_width_mobile&quot;:{&quot;unit&quot;:&quot;px&quot;,&quot;size&quot;:&quot;&quot;,&quot;sizes&quot;:[]},&quot;element_pack_global_tooltip_padding&quot;:{&quot;unit&quot;:&quot;px&quot;,&quot;top&quot;:&quot;&quot;,&quot;right&quot;:&quot;&quot;,&quot;bottom&quot;:&quot;&quot;,&quot;left&quot;:&quot;&quot;,&quot;isLinked&quot;:true},&quot;element_pack_global_tooltip_padding_tablet&quot;:{&quot;unit&quot;:&quot;px&quot;,&quot;top&quot;:&quot;&quot;,&quot;right&quot;:&quot;&quot;,&quot;bottom&quot;:&quot;&quot;,&quot;left&quot;:&quot;&quot;,&quot;isLinked&quot;:true},&quot;element_pack_global_tooltip_padding_mobile&quot;:{&quot;unit&quot;:&quot;px&quot;,&quot;top&quot;:&quot;&quot;,&quot;right&quot;:&quot;&quot;,&quot;bottom&quot;:&quot;&quot;,&quot;left&quot;:&quot;&quot;,&quot;isLinked&quot;:true},&quot;element_pack_global_tooltip_border_radius&quot;:{&quot;unit&quot;:&quot;px&quot;,&quot;top&quot;:&quot;&quot;,&quot;right&quot;:&quot;&quot;,&quot;bottom&quot;:&quot;&quot;,&quot;left&quot;:&quot;&quot;,&quot;isLinked&quot;:true},&quot;element_pack_global_tooltip_border_radius_tablet&quot;:{&quot;unit&quot;:&quot;px&quot;,&quot;top&quot;:&quot;&quot;,&quot;right&quot;:&quot;&quot;,&quot;bottom&quot;:&quot;&quot;,&quot;left&quot;:&quot;&quot;,&quot;isLinked&quot;:true},&quot;element_pack_global_tooltip_border_radius_mobile&quot;:{&quot;unit&quot;:&quot;px&quot;,&quot;top&quot;:&quot;&quot;,&quot;right&quot;:&quot;&quot;,&quot;bottom&quot;:&quot;&quot;,&quot;left&quot;:&quot;&quot;,&quot;isLinked&quot;:true}}\" data-elementor-post-type=\"page\">\n\t\t\t\t<div class=\"elementor-element elementor-element-d675b33 e-flex e-con-boxed e-con e-parent\" data-id=\"d675b33\" data-element_type=\"container\" data-settings=\"{&quot;background_background&quot;:&quot;classic&quot;}\">\n\t\t\t\t\t<div class=\"e-con-inner\">\n\t\t\t\t\t<\/div>\n\t\t\t\t<\/div>\n\t\t<div class=\"elementor-element elementor-element-12bfc61 e-flex e-con-boxed e-con e-parent\" data-id=\"12bfc61\" data-element_type=\"container\">\n\t\t\t\t\t<div class=\"e-con-inner\">\n\t\t<div class=\"elementor-element elementor-element-f623bf4 e-con-full e-flex e-con e-child\" data-id=\"f623bf4\" data-element_type=\"container\">\n\t\t\t\t<div class=\"elementor-element elementor-element-a801ca9 elementor-widget elementor-widget-heading\" data-id=\"a801ca9\" data-element_type=\"widget\" data-widget_type=\"heading.default\">\n\t\t\t\t<div class=\"elementor-widget-container\">\n\t\t\t\t\t<h2 class=\"elementor-heading-title elementor-size-default\">Thermoform-Folien (starr und flexibel)<\/h2>\t\t\t\t<\/div>\n\t\t\t\t<\/div>\n\t\t\t\t<div class=\"elementor-element elementor-element-f4da075 elementor-widget elementor-widget-text-editor\" data-id=\"f4da075\" data-element_type=\"widget\" data-widget_type=\"text-editor.default\">\n\t\t\t\t<div class=\"elementor-widget-container\">\n\t\t\t\t\t\t\t\t\t<p>Eine EVOH-Hochbarriere oder eine Mittelbarriere verl\u00e4ngert die Haltbarkeit Ihrer Produkte, und eine optionale Antibeschlagbeschichtung sorgt f\u00fcr eine klare Sicht auf das Produkt. Die hohe Transparenz und der Glanz gew\u00e4hrleisten zudem eine attraktive Produktpr\u00e4sentation. Ein verbraucherfreundlicher Peel erm\u00f6glicht ein einfaches \u00d6ffnen nach Wunsch, ohne die Produktsicherheit zu beeintr\u00e4chtigen.<\/p><ul><li>F\u00fcr alle g\u00e4ngigen Verpackungsmaschinen geeignet<\/li><li>EVOH-Hochbarriere<\/li><li>Optionale Antibeschlagbeschichtung<\/li><li>Bedruckbar<\/li><li>Hohe Transparenz und Glanz<\/li><li>Verbraucherfreundliches \u00d6ffnen<\/li><\/ul>\t\t\t\t\t\t\t\t<\/div>\n\t\t\t\t<\/div>\n\t\t\t\t<\/div>\n\t\t<div class=\"elementor-element elementor-element-60ce187 e-con-full e-flex e-con e-child\" data-id=\"60ce187\" data-element_type=\"container\">\n\t\t\t\t<div class=\"elementor-element elementor-element-5e2e7f9 elementor-widget elementor-widget-image\" data-id=\"5e2e7f9\" data-element_type=\"widget\" data-widget_type=\"image.default\">\n\t\t\t\t<div class=\"elementor-widget-container\">\n\t\t\t\t\t\t\t\t\t\t\t\t\t\t\t<img fetchpriority=\"high\" decoding=\"async\" width=\"800\" height=\"600\" src=\"https:\/\/fahandle.at\/wp-content\/uploads\/2025\/01\/Thermoforming-films-rigid-and-flexible.jpg\" class=\"attachment-full size-full wp-image-778\" alt=\"\" srcset=\"https:\/\/fahandle.at\/wp-content\/uploads\/2025\/01\/Thermoforming-films-rigid-and-flexible.jpg 800w, https:\/\/fahandle.at\/wp-content\/uploads\/2025\/01\/Thermoforming-films-rigid-and-flexible-300x225.jpg 300w, https:\/\/fahandle.at\/wp-content\/uploads\/2025\/01\/Thermoforming-films-rigid-and-flexible-768x576.jpg 768w\" sizes=\"(max-width: 800px) 100vw, 800px\" \/>\t\t\t\t\t\t\t\t\t\t\t\t\t\t\t<\/div>\n\t\t\t\t<\/div>\n\t\t\t\t<\/div>\n\t\t\t\t\t<\/div>\n\t\t\t\t<\/div>\n\t\t<div class=\"elementor-element elementor-element-61ae26c e-flex e-con-boxed e-con e-parent\" data-id=\"61ae26c\" data-element_type=\"container\">\n\t\t\t\t\t<div class=\"e-con-inner\">\n\t\t<div class=\"elementor-element elementor-element-245d7dc e-con-full e-flex e-con e-child\" data-id=\"245d7dc\" data-element_type=\"container\">\n\t\t\t\t<div class=\"elementor-element elementor-element-819c498 elementor-widget elementor-widget-image\" data-id=\"819c498\" data-element_type=\"widget\" data-widget_type=\"image.default\">\n\t\t\t\t<div class=\"elementor-widget-container\">\n\t\t\t\t\t\t\t\t\t\t\t\t\t\t\t<img decoding=\"async\" width=\"800\" height=\"600\" src=\"https:\/\/fahandle.at\/wp-content\/uploads\/2025\/01\/Skin-packaging-is-a-special-form-of-vacuum-packaging.jpg\" class=\"attachment-full size-full wp-image-780\" alt=\"\" srcset=\"https:\/\/fahandle.at\/wp-content\/uploads\/2025\/01\/Skin-packaging-is-a-special-form-of-vacuum-packaging.jpg 800w, https:\/\/fahandle.at\/wp-content\/uploads\/2025\/01\/Skin-packaging-is-a-special-form-of-vacuum-packaging-300x225.jpg 300w, https:\/\/fahandle.at\/wp-content\/uploads\/2025\/01\/Skin-packaging-is-a-special-form-of-vacuum-packaging-768x576.jpg 768w\" sizes=\"(max-width: 800px) 100vw, 800px\" \/>\t\t\t\t\t\t\t\t\t\t\t\t\t\t\t<\/div>\n\t\t\t\t<\/div>\n\t\t\t\t<\/div>\n\t\t<div class=\"elementor-element elementor-element-9128db8 e-con-full e-flex e-con e-child\" data-id=\"9128db8\" data-element_type=\"container\">\n\t\t\t\t<div class=\"elementor-element elementor-element-84400b8 elementor-widget elementor-widget-heading\" data-id=\"84400b8\" data-element_type=\"widget\" data-widget_type=\"heading.default\">\n\t\t\t\t<div class=\"elementor-widget-container\">\n\t\t\t\t\t<h2 class=\"elementor-heading-title elementor-size-default\">Skin-Verpackung: Eine spezielle Form der Vakuumverpackung<\/h2>\t\t\t\t<\/div>\n\t\t\t\t<\/div>\n\t\t\t\t<div class=\"elementor-element elementor-element-d68f12e elementor-widget elementor-widget-text-editor\" data-id=\"d68f12e\" data-element_type=\"widget\" data-widget_type=\"text-editor.default\">\n\t\t\t\t<div class=\"elementor-widget-container\">\n\t\t\t\t\t\t\t\t\t<p>Bei dieser attraktiven Verpackungsart legt sich die Folie wie eine zweite Haut ohne Spannung um das Produkt, bis sie vollst\u00e4ndig mit der Unterfolie oder der Schale in Form einer Flachdichtung verbunden ist.<br \/>Durch den engen Sitz der Skin-Folie verlieren die Produkte deutlich weniger Saft, was zu einer erheblich l\u00e4ngeren Haltbarkeit f\u00fchrt. Eine schonende Herstellung der Verpackung ist garantiert.<br \/>Im Gegensatz zur normalen Vakuumverpackung wird die Oberfolie bei der Skin-Verpackung durch Hitze gedehnt und \u00fcber die starre Unterfolie oder die Schale gef\u00fchrt, sodass sich das Produkt sanft an die verpackte Ware anschmiegt.<br \/>Dank der Flachdichtung wird das Produkt in der Skin-Verpackung fixiert und sackt nicht ab oder verrutscht, selbst wenn es beispielsweise an einem H\u00e4ngeregal mit Euroloch pr\u00e4sentiert wird.<br \/>Durch die hohe Transparenz und die konturgenaue Anpassung der Folie werden die Farben und das Produkt auf sehr vorteilhafte Weise pr\u00e4sentiert.<\/p>\t\t\t\t\t\t\t\t<\/div>\n\t\t\t\t<\/div>\n\t\t\t\t<\/div>\n\t\t\t\t\t<\/div>\n\t\t\t\t<\/div>\n\t\t<div class=\"elementor-element elementor-element-951d9e7 e-flex e-con-boxed e-con e-parent\" data-id=\"951d9e7\" data-element_type=\"container\">\n\t\t\t\t\t<div class=\"e-con-inner\">\n\t\t<div class=\"elementor-element elementor-element-7df88f3 e-con-full e-flex e-con e-child\" data-id=\"7df88f3\" data-element_type=\"container\">\n\t\t\t\t<div class=\"elementor-element elementor-element-70fa833 elementor-widget elementor-widget-heading\" data-id=\"70fa833\" data-element_type=\"widget\" data-widget_type=\"heading.default\">\n\t\t\t\t<div class=\"elementor-widget-container\">\n\t\t\t\t\t<h2 class=\"elementor-heading-title elementor-size-default\">Flowpack-Folien<\/h2>\t\t\t\t<\/div>\n\t\t\t\t<\/div>\n\t\t\t\t<div class=\"elementor-element elementor-element-65c450d elementor-widget elementor-widget-text-editor\" data-id=\"65c450d\" data-element_type=\"widget\" data-widget_type=\"text-editor.default\">\n\t\t\t\t<div class=\"elementor-widget-container\">\n\t\t\t\t\t\t\t\t\t<ul><li>Unsere angebotenen Folien sind speziell auf Ihr Produkt abgestimmt.<\/li><li>Mit optimalen Barriereeigenschaften erreichen Sie eine l\u00e4ngere Haltbarkeit.<\/li><li>Dank unserer hervorragenden Hei\u00dfsiegelf\u00e4higkeit erzielen wir eine sehr gute Maschineng\u00e4ngigkeit.<\/li><li>Durch die sehr hohe Durchstich- und Rei\u00dffestigkeit ist Ihr Produkt optimal gesch\u00fctzt.<\/li><li>Zahlreiche Veredelungsm\u00f6glichkeiten lassen am Point of Sale keine W\u00fcnsche offen.<\/li><\/ul>\t\t\t\t\t\t\t\t<\/div>\n\t\t\t\t<\/div>\n\t\t\t\t<\/div>\n\t\t<div class=\"elementor-element elementor-element-745a36c e-con-full e-flex e-con e-child\" data-id=\"745a36c\" data-element_type=\"container\">\n\t\t\t\t<div class=\"elementor-element elementor-element-c607eda elementor-widget elementor-widget-image\" data-id=\"c607eda\" data-element_type=\"widget\" data-widget_type=\"image.default\">\n\t\t\t\t<div class=\"elementor-widget-container\">\n\t\t\t\t\t\t\t\t\t\t\t\t\t\t\t<img decoding=\"async\" width=\"800\" height=\"600\" src=\"https:\/\/fahandle.at\/wp-content\/uploads\/2025\/01\/Flowpack-films-03.jpg\" class=\"attachment-full size-full wp-image-902\" alt=\"\" srcset=\"https:\/\/fahandle.at\/wp-content\/uploads\/2025\/01\/Flowpack-films-03.jpg 800w, https:\/\/fahandle.at\/wp-content\/uploads\/2025\/01\/Flowpack-films-03-300x225.jpg 300w, https:\/\/fahandle.at\/wp-content\/uploads\/2025\/01\/Flowpack-films-03-768x576.jpg 768w\" sizes=\"(max-width: 800px) 100vw, 800px\" \/>\t\t\t\t\t\t\t\t\t\t\t\t\t\t\t<\/div>\n\t\t\t\t<\/div>\n\t\t\t\t<\/div>\n\t\t\t\t\t<\/div>\n\t\t\t\t<\/div>\n\t\t<div class=\"elementor-element elementor-element-f3c7e42 e-flex e-con-boxed e-con e-parent\" data-id=\"f3c7e42\" data-element_type=\"container\">\n\t\t\t\t\t<div class=\"e-con-inner\">\n\t\t<div class=\"elementor-element elementor-element-6a3fb49 e-con-full e-flex e-con e-child\" data-id=\"6a3fb49\" data-element_type=\"container\">\n\t\t\t\t<div class=\"elementor-element elementor-element-3fad934 elementor-widget elementor-widget-image\" data-id=\"3fad934\" data-element_type=\"widget\" data-widget_type=\"image.default\">\n\t\t\t\t<div class=\"elementor-widget-container\">\n\t\t\t\t\t\t\t\t\t\t\t\t\t\t\t<img loading=\"lazy\" decoding=\"async\" width=\"800\" height=\"600\" src=\"https:\/\/fahandle.at\/wp-content\/uploads\/2025\/01\/Lamination-films-02.jpg\" class=\"attachment-full size-full wp-image-843\" alt=\"\" srcset=\"https:\/\/fahandle.at\/wp-content\/uploads\/2025\/01\/Lamination-films-02.jpg 800w, https:\/\/fahandle.at\/wp-content\/uploads\/2025\/01\/Lamination-films-02-300x225.jpg 300w, https:\/\/fahandle.at\/wp-content\/uploads\/2025\/01\/Lamination-films-02-768x576.jpg 768w\" sizes=\"(max-width: 800px) 100vw, 800px\" \/>\t\t\t\t\t\t\t\t\t\t\t\t\t\t\t<\/div>\n\t\t\t\t<\/div>\n\t\t\t\t<\/div>\n\t\t<div class=\"elementor-element elementor-element-6c2d067 e-con-full e-flex e-con e-child\" data-id=\"6c2d067\" data-element_type=\"container\">\n\t\t\t\t<div class=\"elementor-element elementor-element-5b33147 elementor-widget elementor-widget-heading\" data-id=\"5b33147\" data-element_type=\"widget\" data-widget_type=\"heading.default\">\n\t\t\t\t<div class=\"elementor-widget-container\">\n\t\t\t\t\t<h2 class=\"elementor-heading-title elementor-size-default\">Lamination films<\/h2>\t\t\t\t<\/div>\n\t\t\t\t<\/div>\n\t\t\t\t<div class=\"elementor-element elementor-element-ad73d2a elementor-widget elementor-widget-text-editor\" data-id=\"ad73d2a\" data-element_type=\"widget\" data-widget_type=\"text-editor.default\">\n\t\t\t\t<div class=\"elementor-widget-container\">\n\t\t\t\t\t\t\t\t\t<ul><li>Laminierfolien f\u00fcr alle g\u00e4ngigen Oberfolienanwendungen;<\/li><li>Laminierfolien f\u00fcr Flowpack-Anwendungen mit sehr hoher Hei\u00dfsiegelf\u00e4higkeit und breitem Siegelbereich, ideal geeignet f\u00fcr HFFS-, VFFS-Hochgeschwindigkeitsmaschinen und als Deckelfolien;<\/li><li>Laminierfolien f\u00fcr Anwendungen bei hohen Temperaturen wie Kochen, Pasteurisation, Hei\u00dfabf\u00fcllung und Sterilisation bis zu 121 \u00b0C;<\/li><\/ul>\t\t\t\t\t\t\t\t<\/div>\n\t\t\t\t<\/div>\n\t\t\t\t<\/div>\n\t\t\t\t\t<\/div>\n\t\t\t\t<\/div>\n\t\t<div class=\"elementor-element elementor-element-495f329 e-flex e-con-boxed e-con e-parent\" data-id=\"495f329\" data-element_type=\"container\">\n\t\t\t\t\t<div class=\"e-con-inner\">\n\t\t\t\t<div class=\"elementor-element elementor-element-9ebb471 elementor-widget elementor-widget-heading\" data-id=\"9ebb471\" data-element_type=\"widget\" data-widget_type=\"heading.default\">\n\t\t\t\t<div class=\"elementor-widget-container\">\n\t\t\t\t\t<h2 class=\"elementor-heading-title elementor-size-default\">F\u00fcr weitere Informationen oder um unsere Dienstleistungen anzufordern, kontaktieren Sie uns noch heute.<\/h2>\t\t\t\t<\/div>\n\t\t\t\t<\/div>\n\t\t\t\t<div class=\"elementor-element elementor-element-861e10a elementor-align-center elementor-widget elementor-widget-button\" data-id=\"861e10a\" data-element_type=\"widget\" data-widget_type=\"button.default\">\n\t\t\t\t<div class=\"elementor-widget-container\">\n\t\t\t\t\t\t\t\t\t<div class=\"elementor-button-wrapper\">\n\t\t\t\t\t<a class=\"elementor-button elementor-button-link elementor-size-sm elementor-animation-grow\" href=\"https:\/\/fahandle.at\/de\/contact-us\/\">\n\t\t\t\t\t\t<span class=\"elementor-button-content-wrapper\">\n\t\t\t\t\t\t\t\t\t<span class=\"elementor-button-text\">Anfrage senden <\/span>\n\t\t\t\t\t<\/span>\n\t\t\t\t\t<\/a>\n\t\t\t\t<\/div>\n\t\t\t\t\t\t\t\t<\/div>\n\t\t\t\t<\/div>\n\t\t\t\t\t<\/div>\n\t\t\t\t<\/div>\n\t\t\t\t<\/div>","protected":false},"excerpt":{"rendered":"<p>Thermoforming films (rigid and flexible) An EVOH high barrier or a medium barrier make your products last longer and an optional anti-fog ensures a good view of the product. The high transparency and the gloss also ensure an attractive product presentation. A consumer-friendly peel allows you to easily open them as you wish, despite full [&hellip;]<\/p>","protected":false},"author":1,"featured_media":0,"parent":15,"menu_order":0,"comment_status":"closed","ping_status":"closed","template":"","meta":{"footnotes":""},"class_list":["post-580","page","type-page","status-publish","hentry"],"_links":{"self":[{"href":"https:\/\/fahandle.at\/de\/wp-json\/wp\/v2\/pages\/580","targetHints":{"allow":["GET"]}}],"collection":[{"href":"https:\/\/fahandle.at\/de\/wp-json\/wp\/v2\/pages"}],"about":[{"href":"https:\/\/fahandle.at\/de\/wp-json\/wp\/v2\/types\/page"}],"author":[{"embeddable":true,"href":"https:\/\/fahandle.at\/de\/wp-json\/wp\/v2\/users\/1"}],"replies":[{"embeddable":true,"href":"https:\/\/fahandle.at\/de\/wp-json\/wp\/v2\/comments?post=580"}],"version-history":[{"count":52,"href":"https:\/\/fahandle.at\/de\/wp-json\/wp\/v2\/pages\/580\/revisions"}],"predecessor-version":[{"id":1339,"href":"https:\/\/fahandle.at\/de\/wp-json\/wp\/v2\/pages\/580\/revisions\/1339"}],"up":[{"embeddable":true,"href":"https:\/\/fahandle.at\/de\/wp-json\/wp\/v2\/pages\/15"}],"wp:attachment":[{"href":"https:\/\/fahandle.at\/de\/wp-json\/wp\/v2\/media?parent=580"}],"curies":[{"name":"wp","href":"https:\/\/api.w.org\/{rel}","templated":true}]}}