{"id":578,"date":"2025-01-10T14:42:52","date_gmt":"2025-01-10T14:42:52","guid":{"rendered":"https:\/\/design.fahandle.at\/?page_id=578"},"modified":"2025-01-20T11:32:14","modified_gmt":"2025-01-20T11:32:14","slug":"customized-ingredients","status":"publish","type":"page","link":"https:\/\/fahandle.at\/de\/services\/customized-ingredients\/","title":{"rendered":"Angepasste Zutaten"},"content":{"rendered":"<div data-elementor-type=\"wp-page\" data-elementor-id=\"578\" class=\"elementor elementor-578\" data-elementor-settings=\"{&quot;element_pack_global_tooltip_width&quot;:{&quot;unit&quot;:&quot;px&quot;,&quot;size&quot;:&quot;&quot;,&quot;sizes&quot;:[]},&quot;element_pack_global_tooltip_width_tablet&quot;:{&quot;unit&quot;:&quot;px&quot;,&quot;size&quot;:&quot;&quot;,&quot;sizes&quot;:[]},&quot;element_pack_global_tooltip_width_mobile&quot;:{&quot;unit&quot;:&quot;px&quot;,&quot;size&quot;:&quot;&quot;,&quot;sizes&quot;:[]},&quot;element_pack_global_tooltip_padding&quot;:{&quot;unit&quot;:&quot;px&quot;,&quot;top&quot;:&quot;&quot;,&quot;right&quot;:&quot;&quot;,&quot;bottom&quot;:&quot;&quot;,&quot;left&quot;:&quot;&quot;,&quot;isLinked&quot;:true},&quot;element_pack_global_tooltip_padding_tablet&quot;:{&quot;unit&quot;:&quot;px&quot;,&quot;top&quot;:&quot;&quot;,&quot;right&quot;:&quot;&quot;,&quot;bottom&quot;:&quot;&quot;,&quot;left&quot;:&quot;&quot;,&quot;isLinked&quot;:true},&quot;element_pack_global_tooltip_padding_mobile&quot;:{&quot;unit&quot;:&quot;px&quot;,&quot;top&quot;:&quot;&quot;,&quot;right&quot;:&quot;&quot;,&quot;bottom&quot;:&quot;&quot;,&quot;left&quot;:&quot;&quot;,&quot;isLinked&quot;:true},&quot;element_pack_global_tooltip_border_radius&quot;:{&quot;unit&quot;:&quot;px&quot;,&quot;top&quot;:&quot;&quot;,&quot;right&quot;:&quot;&quot;,&quot;bottom&quot;:&quot;&quot;,&quot;left&quot;:&quot;&quot;,&quot;isLinked&quot;:true},&quot;element_pack_global_tooltip_border_radius_tablet&quot;:{&quot;unit&quot;:&quot;px&quot;,&quot;top&quot;:&quot;&quot;,&quot;right&quot;:&quot;&quot;,&quot;bottom&quot;:&quot;&quot;,&quot;left&quot;:&quot;&quot;,&quot;isLinked&quot;:true},&quot;element_pack_global_tooltip_border_radius_mobile&quot;:{&quot;unit&quot;:&quot;px&quot;,&quot;top&quot;:&quot;&quot;,&quot;right&quot;:&quot;&quot;,&quot;bottom&quot;:&quot;&quot;,&quot;left&quot;:&quot;&quot;,&quot;isLinked&quot;:true}}\" data-elementor-post-type=\"page\">\n\t\t\t\t<div class=\"elementor-element elementor-element-5045baa e-flex e-con-boxed e-con e-parent\" data-id=\"5045baa\" data-element_type=\"container\" data-settings=\"{&quot;background_background&quot;:&quot;classic&quot;}\">\n\t\t\t\t\t<div class=\"e-con-inner\">\n\t\t\t\t<div class=\"elementor-element elementor-element-605c969 elementor-widget elementor-widget-heading\" data-id=\"605c969\" data-element_type=\"widget\" data-widget_type=\"heading.default\">\n\t\t\t\t<div class=\"elementor-widget-container\">\n\t\t\t\t\t<h2 class=\"elementor-heading-title elementor-size-default\">Individuelle Zutaten<\/h2>\t\t\t\t<\/div>\n\t\t\t\t<\/div>\n\t\t\t\t\t<\/div>\n\t\t\t\t<\/div>\n\t\t<div class=\"elementor-element elementor-element-a32d218 e-flex e-con-boxed e-con e-parent\" data-id=\"a32d218\" data-element_type=\"container\">\n\t\t\t\t\t<div class=\"e-con-inner\">\n\t\t<div class=\"elementor-element elementor-element-1612fc9 e-con-full e-flex e-con e-child\" data-id=\"1612fc9\" data-element_type=\"container\">\n\t\t\t\t<div class=\"elementor-element elementor-element-c1881ce elementor-widget elementor-widget-heading\" data-id=\"c1881ce\" data-element_type=\"widget\" data-widget_type=\"heading.default\">\n\t\t\t\t<div class=\"elementor-widget-container\">\n\t\t\t\t\t<h2 class=\"elementor-heading-title elementor-size-default\">Rohstoffe f\u00fcr die Lebensmittelindustrie<\/h2>\t\t\t\t<\/div>\n\t\t\t\t<\/div>\n\t\t\t\t<div class=\"elementor-element elementor-element-59cf111 elementor-widget elementor-widget-text-editor\" data-id=\"59cf111\" data-element_type=\"widget\" data-widget_type=\"text-editor.default\">\n\t\t\t\t<div class=\"elementor-widget-container\">\n\t\t\t\t\t\t\t\t\t<p>Wir sind stolz darauf, hochwertige Rohstoffe von renommierten europ\u00e4ischen und internationalen Marken anzubieten, die eine breite Palette von Anwendungen in der Lebensmittelindustrie abdecken. Unsere Expertise stellt sicher, dass wir die h\u00f6chsten Standards erf\u00fcllen und Ihnen helfen, \u00fcberragende Produkte in Kategorien wie Fleisch, Milchprodukte, S\u00fc\u00dfwaren und Schokolade zu schaffen.<\/p>\t\t\t\t\t\t\t\t<\/div>\n\t\t\t\t<\/div>\n\t\t\t\t<\/div>\n\t\t<div class=\"elementor-element elementor-element-951d921 e-con-full e-flex e-con e-child\" data-id=\"951d921\" data-element_type=\"container\">\n\t\t\t\t<div class=\"elementor-element elementor-element-a8344cc elementor-widget elementor-widget-image\" data-id=\"a8344cc\" data-element_type=\"widget\" data-widget_type=\"image.default\">\n\t\t\t\t<div class=\"elementor-widget-container\">\n\t\t\t\t\t\t\t\t\t\t\t\t\t\t\t<img fetchpriority=\"high\" decoding=\"async\" width=\"800\" height=\"600\" src=\"https:\/\/fahandle.at\/wp-content\/uploads\/2025\/01\/Customized-Ingredients.jpg\" class=\"attachment-full size-full wp-image-770\" alt=\"\" srcset=\"https:\/\/fahandle.at\/wp-content\/uploads\/2025\/01\/Customized-Ingredients.jpg 800w, https:\/\/fahandle.at\/wp-content\/uploads\/2025\/01\/Customized-Ingredients-300x225.jpg 300w, https:\/\/fahandle.at\/wp-content\/uploads\/2025\/01\/Customized-Ingredients-768x576.jpg 768w\" sizes=\"(max-width: 800px) 100vw, 800px\" \/>\t\t\t\t\t\t\t\t\t\t\t\t\t\t\t<\/div>\n\t\t\t\t<\/div>\n\t\t\t\t<\/div>\n\t\t\t\t\t<\/div>\n\t\t\t\t<\/div>\n\t\t<div class=\"elementor-element elementor-element-c58c002 e-flex e-con-boxed e-con e-parent\" data-id=\"c58c002\" data-element_type=\"container\">\n\t\t\t\t\t<div class=\"e-con-inner\">\n\t\t<div class=\"elementor-element elementor-element-ad8c275 e-con-full e-flex e-con e-child\" data-id=\"ad8c275\" data-element_type=\"container\">\n\t\t\t\t<div class=\"elementor-element elementor-element-ac9fefa elementor-widget elementor-widget-image\" data-id=\"ac9fefa\" data-element_type=\"widget\" data-widget_type=\"image.default\">\n\t\t\t\t<div class=\"elementor-widget-container\">\n\t\t\t\t\t\t\t\t\t\t\t\t\t\t\t<img decoding=\"async\" width=\"800\" height=\"600\" src=\"https:\/\/fahandle.at\/wp-content\/uploads\/2025\/01\/Customized-Blends-and-Advanced-Ingredients.jpg\" class=\"attachment-full size-full wp-image-892\" alt=\"\" srcset=\"https:\/\/fahandle.at\/wp-content\/uploads\/2025\/01\/Customized-Blends-and-Advanced-Ingredients.jpg 800w, https:\/\/fahandle.at\/wp-content\/uploads\/2025\/01\/Customized-Blends-and-Advanced-Ingredients-300x225.jpg 300w, https:\/\/fahandle.at\/wp-content\/uploads\/2025\/01\/Customized-Blends-and-Advanced-Ingredients-768x576.jpg 768w\" sizes=\"(max-width: 800px) 100vw, 800px\" \/>\t\t\t\t\t\t\t\t\t\t\t\t\t\t\t<\/div>\n\t\t\t\t<\/div>\n\t\t\t\t<\/div>\n\t\t<div class=\"elementor-element elementor-element-ee4b27d e-con-full e-flex e-con e-child\" data-id=\"ee4b27d\" data-element_type=\"container\">\n\t\t\t\t<div class=\"elementor-element elementor-element-961deff elementor-widget elementor-widget-heading\" data-id=\"961deff\" data-element_type=\"widget\" data-widget_type=\"heading.default\">\n\t\t\t\t<div class=\"elementor-widget-container\">\n\t\t\t\t\t<h2 class=\"elementor-heading-title elementor-size-default\">Individuelle Mischungen und fortschrittliche Zutaten<\/h2>\t\t\t\t<\/div>\n\t\t\t\t<\/div>\n\t\t\t\t<div class=\"elementor-element elementor-element-9557415 elementor-widget elementor-widget-text-editor\" data-id=\"9557415\" data-element_type=\"widget\" data-widget_type=\"text-editor.default\">\n\t\t\t\t<div class=\"elementor-widget-container\">\n\t\t\t\t\t\t\t\t\t<p>Wir bieten auch innovative L\u00f6sungen, die speziell auf Ihre Bed\u00fcrfnisse zugeschnitten sind, einschlie\u00dflich:<\/p><ul><li><strong>Individuelle Aromen:<\/strong> Personalisieren Sie den Geschmack Ihrer Produkte mit ma\u00dfgeschneiderten Aromen.<\/li><li><strong>Gew\u00fcrzmischungen:<\/strong> Vielseitige und ausgewogene Gew\u00fcrzmischungen f\u00fcr herzhafte Anwendungen.<\/li><li><strong>Modifizierte Extrakte:<\/strong> Fortgeschrittene Extrakte, die einzigartigen Geschmack und funktionale Vorteile bieten.<\/li><\/ul><p>Dies sind einige der ma\u00dfgeschneiderten L\u00f6sungen, die wir anbieten. Wenn Sie eine Zutat oder Mischung ben\u00f6tigen, die hier nicht aufgef\u00fchrt ist, kontaktieren Sie uns bitte, und wir werden mit Ihnen zusammenarbeiten, um Ihre Anforderungen zu erf\u00fcllen.<\/p>\t\t\t\t\t\t\t\t<\/div>\n\t\t\t\t<\/div>\n\t\t\t\t<\/div>\n\t\t\t\t\t<\/div>\n\t\t\t\t<\/div>\n\t\t<div class=\"elementor-element elementor-element-ef297ef e-flex e-con-boxed e-con e-parent\" data-id=\"ef297ef\" data-element_type=\"container\">\n\t\t\t\t\t<div class=\"e-con-inner\">\n\t\t\t\t<div class=\"elementor-element elementor-element-7f231a2 elementor-widget elementor-widget-heading\" data-id=\"7f231a2\" data-element_type=\"widget\" data-widget_type=\"heading.default\">\n\t\t\t\t<div class=\"elementor-widget-container\">\n\t\t\t\t\t<h2 class=\"elementor-heading-title elementor-size-default\">F\u00fcr weitere Informationen oder um unsere Dienstleistungen anzufordern, kontaktieren Sie uns noch heute.<\/h2>\t\t\t\t<\/div>\n\t\t\t\t<\/div>\n\t\t\t\t<div class=\"elementor-element elementor-element-81563e2 elementor-align-center elementor-widget elementor-widget-button\" data-id=\"81563e2\" data-element_type=\"widget\" data-widget_type=\"button.default\">\n\t\t\t\t<div class=\"elementor-widget-container\">\n\t\t\t\t\t\t\t\t\t<div class=\"elementor-button-wrapper\">\n\t\t\t\t\t<a class=\"elementor-button elementor-button-link elementor-size-sm elementor-animation-grow\" href=\"https:\/\/fahandle.at\/de\/contact-us\/\">\n\t\t\t\t\t\t<span class=\"elementor-button-content-wrapper\">\n\t\t\t\t\t\t\t\t\t<span class=\"elementor-button-text\">Anfrage senden <\/span>\n\t\t\t\t\t<\/span>\n\t\t\t\t\t<\/a>\n\t\t\t\t<\/div>\n\t\t\t\t\t\t\t\t<\/div>\n\t\t\t\t<\/div>\n\t\t\t\t\t<\/div>\n\t\t\t\t<\/div>\n\t\t\t\t<\/div>","protected":false},"excerpt":{"rendered":"<p>Customized Ingredients Raw Materials for the Food Industry We take pride in supplying premium raw materials from renowned European and international brands, catering to a wide range of applications in the food industry. Our expertise ensures that we meet the highest standards, helping you create superior products across categories such as meat, dairy, confectionery, and [&hellip;]<\/p>","protected":false},"author":1,"featured_media":0,"parent":15,"menu_order":0,"comment_status":"closed","ping_status":"closed","template":"","meta":{"footnotes":""},"class_list":["post-578","page","type-page","status-publish","hentry"],"_links":{"self":[{"href":"https:\/\/fahandle.at\/de\/wp-json\/wp\/v2\/pages\/578","targetHints":{"allow":["GET"]}}],"collection":[{"href":"https:\/\/fahandle.at\/de\/wp-json\/wp\/v2\/pages"}],"about":[{"href":"https:\/\/fahandle.at\/de\/wp-json\/wp\/v2\/types\/page"}],"author":[{"embeddable":true,"href":"https:\/\/fahandle.at\/de\/wp-json\/wp\/v2\/users\/1"}],"replies":[{"embeddable":true,"href":"https:\/\/fahandle.at\/de\/wp-json\/wp\/v2\/comments?post=578"}],"version-history":[{"count":46,"href":"https:\/\/fahandle.at\/de\/wp-json\/wp\/v2\/pages\/578\/revisions"}],"predecessor-version":[{"id":1363,"href":"https:\/\/fahandle.at\/de\/wp-json\/wp\/v2\/pages\/578\/revisions\/1363"}],"up":[{"embeddable":true,"href":"https:\/\/fahandle.at\/de\/wp-json\/wp\/v2\/pages\/15"}],"wp:attachment":[{"href":"https:\/\/fahandle.at\/de\/wp-json\/wp\/v2\/media?parent=578"}],"curies":[{"name":"wp","href":"https:\/\/api.w.org\/{rel}","templated":true}]}}