{"id":576,"date":"2025-01-10T14:42:30","date_gmt":"2025-01-10T14:42:30","guid":{"rendered":"https:\/\/design.fahandle.at\/?page_id=576"},"modified":"2025-01-20T11:22:10","modified_gmt":"2025-01-20T11:22:10","slug":"basic-raw-materials","status":"publish","type":"page","link":"https:\/\/fahandle.at\/de\/services\/basic-raw-materials\/","title":{"rendered":"Grundrohstoffe"},"content":{"rendered":"<div data-elementor-type=\"wp-page\" data-elementor-id=\"576\" class=\"elementor elementor-576\" data-elementor-settings=\"{&quot;element_pack_global_tooltip_width&quot;:{&quot;unit&quot;:&quot;px&quot;,&quot;size&quot;:&quot;&quot;,&quot;sizes&quot;:[]},&quot;element_pack_global_tooltip_width_tablet&quot;:{&quot;unit&quot;:&quot;px&quot;,&quot;size&quot;:&quot;&quot;,&quot;sizes&quot;:[]},&quot;element_pack_global_tooltip_width_mobile&quot;:{&quot;unit&quot;:&quot;px&quot;,&quot;size&quot;:&quot;&quot;,&quot;sizes&quot;:[]},&quot;element_pack_global_tooltip_padding&quot;:{&quot;unit&quot;:&quot;px&quot;,&quot;top&quot;:&quot;&quot;,&quot;right&quot;:&quot;&quot;,&quot;bottom&quot;:&quot;&quot;,&quot;left&quot;:&quot;&quot;,&quot;isLinked&quot;:true},&quot;element_pack_global_tooltip_padding_tablet&quot;:{&quot;unit&quot;:&quot;px&quot;,&quot;top&quot;:&quot;&quot;,&quot;right&quot;:&quot;&quot;,&quot;bottom&quot;:&quot;&quot;,&quot;left&quot;:&quot;&quot;,&quot;isLinked&quot;:true},&quot;element_pack_global_tooltip_padding_mobile&quot;:{&quot;unit&quot;:&quot;px&quot;,&quot;top&quot;:&quot;&quot;,&quot;right&quot;:&quot;&quot;,&quot;bottom&quot;:&quot;&quot;,&quot;left&quot;:&quot;&quot;,&quot;isLinked&quot;:true},&quot;element_pack_global_tooltip_border_radius&quot;:{&quot;unit&quot;:&quot;px&quot;,&quot;top&quot;:&quot;&quot;,&quot;right&quot;:&quot;&quot;,&quot;bottom&quot;:&quot;&quot;,&quot;left&quot;:&quot;&quot;,&quot;isLinked&quot;:true},&quot;element_pack_global_tooltip_border_radius_tablet&quot;:{&quot;unit&quot;:&quot;px&quot;,&quot;top&quot;:&quot;&quot;,&quot;right&quot;:&quot;&quot;,&quot;bottom&quot;:&quot;&quot;,&quot;left&quot;:&quot;&quot;,&quot;isLinked&quot;:true},&quot;element_pack_global_tooltip_border_radius_mobile&quot;:{&quot;unit&quot;:&quot;px&quot;,&quot;top&quot;:&quot;&quot;,&quot;right&quot;:&quot;&quot;,&quot;bottom&quot;:&quot;&quot;,&quot;left&quot;:&quot;&quot;,&quot;isLinked&quot;:true}}\" data-elementor-post-type=\"page\">\n\t\t\t\t<div class=\"elementor-element elementor-element-4b091d7 e-flex e-con-boxed e-con e-parent\" data-id=\"4b091d7\" data-element_type=\"container\" data-settings=\"{&quot;background_background&quot;:&quot;classic&quot;}\">\n\t\t\t\t\t<div class=\"e-con-inner\">\n\t\t\t\t<div class=\"elementor-element elementor-element-00030fb elementor-widget elementor-widget-heading\" data-id=\"00030fb\" data-element_type=\"widget\" data-widget_type=\"heading.default\">\n\t\t\t\t<div class=\"elementor-widget-container\">\n\t\t\t\t\t<h2 class=\"elementor-heading-title elementor-size-default\">Grundrohstoffe<\/h2>\t\t\t\t<\/div>\n\t\t\t\t<\/div>\n\t\t\t\t\t<\/div>\n\t\t\t\t<\/div>\n\t\t<div class=\"elementor-element elementor-element-64fd7c4 e-flex e-con-boxed e-con e-parent\" data-id=\"64fd7c4\" data-element_type=\"container\">\n\t\t\t\t\t<div class=\"e-con-inner\">\n\t\t<div class=\"elementor-element elementor-element-ac3558e e-con-full e-flex e-con e-child\" data-id=\"ac3558e\" data-element_type=\"container\">\n\t\t\t\t<div class=\"elementor-element elementor-element-095d63a elementor-widget elementor-widget-heading\" data-id=\"095d63a\" data-element_type=\"widget\" data-widget_type=\"heading.default\">\n\t\t\t\t<div class=\"elementor-widget-container\">\n\t\t\t\t\t<h2 class=\"elementor-heading-title elementor-size-default\">Rohstoffe f\u00fcr die Lebensmittelindustrie<\/h2>\t\t\t\t<\/div>\n\t\t\t\t<\/div>\n\t\t\t\t<div class=\"elementor-element elementor-element-27ba7d1 elementor-widget elementor-widget-text-editor\" data-id=\"27ba7d1\" data-element_type=\"widget\" data-widget_type=\"text-editor.default\">\n\t\t\t\t<div class=\"elementor-widget-container\">\n\t\t\t\t\t\t\t\t\t<p>Wir sind stolz darauf, hochwertige Rohstoffe von renommierten europ\u00e4ischen und internationalen Marken anzubieten, die eine breite Palette von Anwendungen in der Lebensmittelindustrie abdecken. Unsere Expertise stellt sicher, dass wir die h\u00f6chsten Standards erf\u00fcllen und Ihnen helfen, \u00fcberragende Produkte in Kategorien wie Fleisch, Milchprodukte, S\u00fc\u00dfwaren und Schokolade zu schaffen.<\/p>\t\t\t\t\t\t\t\t<\/div>\n\t\t\t\t<\/div>\n\t\t\t\t<\/div>\n\t\t<div class=\"elementor-element elementor-element-357868c e-con-full e-flex e-con e-child\" data-id=\"357868c\" data-element_type=\"container\">\n\t\t\t\t<div class=\"elementor-element elementor-element-4c26a37 elementor-widget elementor-widget-image\" data-id=\"4c26a37\" data-element_type=\"widget\" data-widget_type=\"image.default\">\n\t\t\t\t<div class=\"elementor-widget-container\">\n\t\t\t\t\t\t\t\t\t\t\t\t\t\t\t<img fetchpriority=\"high\" decoding=\"async\" width=\"800\" height=\"600\" src=\"https:\/\/fahandle.at\/wp-content\/uploads\/2025\/01\/Raw-Materials-for-the-Food-Industry.jpg\" class=\"attachment-full size-full wp-image-766\" alt=\"\" srcset=\"https:\/\/fahandle.at\/wp-content\/uploads\/2025\/01\/Raw-Materials-for-the-Food-Industry.jpg 800w, https:\/\/fahandle.at\/wp-content\/uploads\/2025\/01\/Raw-Materials-for-the-Food-Industry-300x225.jpg 300w, https:\/\/fahandle.at\/wp-content\/uploads\/2025\/01\/Raw-Materials-for-the-Food-Industry-768x576.jpg 768w\" sizes=\"(max-width: 800px) 100vw, 800px\" \/>\t\t\t\t\t\t\t\t\t\t\t\t\t\t\t<\/div>\n\t\t\t\t<\/div>\n\t\t\t\t<\/div>\n\t\t\t\t\t<\/div>\n\t\t\t\t<\/div>\n\t\t<div class=\"elementor-element elementor-element-cb54c2b e-flex e-con-boxed e-con e-parent\" data-id=\"cb54c2b\" data-element_type=\"container\">\n\t\t\t\t\t<div class=\"e-con-inner\">\n\t\t<div class=\"elementor-element elementor-element-613a04b e-con-full e-flex e-con e-child\" data-id=\"613a04b\" data-element_type=\"container\">\n\t\t\t\t<div class=\"elementor-element elementor-element-dd1c614 elementor-widget elementor-widget-image\" data-id=\"dd1c614\" data-element_type=\"widget\" data-widget_type=\"image.default\">\n\t\t\t\t<div class=\"elementor-widget-container\">\n\t\t\t\t\t\t\t\t\t\t\t\t\t\t\t<img decoding=\"async\" width=\"800\" height=\"600\" src=\"https:\/\/fahandle.at\/wp-content\/uploads\/2025\/01\/Raw-Materials-for-the-Food-Industry\u200b-0.3.jpg\" class=\"attachment-full size-full wp-image-873\" alt=\"\" srcset=\"https:\/\/fahandle.at\/wp-content\/uploads\/2025\/01\/Raw-Materials-for-the-Food-Industry\u200b-0.3.jpg 800w, https:\/\/fahandle.at\/wp-content\/uploads\/2025\/01\/Raw-Materials-for-the-Food-Industry\u200b-0.3-300x225.jpg 300w, https:\/\/fahandle.at\/wp-content\/uploads\/2025\/01\/Raw-Materials-for-the-Food-Industry\u200b-0.3-768x576.jpg 768w\" sizes=\"(max-width: 800px) 100vw, 800px\" \/>\t\t\t\t\t\t\t\t\t\t\t\t\t\t\t<\/div>\n\t\t\t\t<\/div>\n\t\t\t\t<\/div>\n\t\t<div class=\"elementor-element elementor-element-9dfc159 e-con-full e-flex e-con e-child\" data-id=\"9dfc159\" data-element_type=\"container\">\n\t\t\t\t<div class=\"elementor-element elementor-element-b379fe3 elementor-widget elementor-widget-heading\" data-id=\"b379fe3\" data-element_type=\"widget\" data-widget_type=\"heading.default\">\n\t\t\t\t<div class=\"elementor-widget-container\">\n\t\t\t\t\t<h2 class=\"elementor-heading-title elementor-size-default\">Grundrohstoffe<\/h2>\t\t\t\t<\/div>\n\t\t\t\t<\/div>\n\t\t\t\t<div class=\"elementor-element elementor-element-e25a1a6 elementor-widget elementor-widget-text-editor\" data-id=\"e25a1a6\" data-element_type=\"widget\" data-widget_type=\"text-editor.default\">\n\t\t\t\t<div class=\"elementor-widget-container\">\n\t\t\t\t\t\t\t\t\t<p>Unsere Auswahl an grundlegenden Zutaten umfasst:<\/p><ul><li><strong>Carrageen:<\/strong> Verbessert die Textur und Stabilit\u00e4t in Milch- und Fleischprodukten.<\/li><li><strong>Phosphate:<\/strong> Verbessern die Wasserbindung und Emulgierung in verarbeiteten Lebensmitteln.<\/li><li><strong>St\u00e4rken:<\/strong> Bieten Verdickungs-, Stabilit\u00e4ts- und Bindeeigenschaften f\u00fcr vielseitige Anwendungen.<\/li><li><strong>Weizenkleie:<\/strong> Verbessert die Textur und den Ballaststoffgehalt in Backwaren und verarbeitetem Fleisch.<\/li><li><strong>Kakaopulver:<\/strong>Verleiht Schokolade und S\u00fc\u00dfwaren einen reichen Geschmack und eine sch\u00f6ne Farbe.<\/li><\/ul><p>Dies sind nur Beispiele f\u00fcr die grundlegenden Rohstoffe, die wir anbieten. Wenn Sie spezielle Anforderungen haben, die hier nicht aufgef\u00fchrt sind, kontaktieren Sie uns bitte und wir werden Ihnen weiterhelfen.<\/p>\t\t\t\t\t\t\t\t<\/div>\n\t\t\t\t<\/div>\n\t\t\t\t<\/div>\n\t\t\t\t\t<\/div>\n\t\t\t\t<\/div>\n\t\t<div class=\"elementor-element elementor-element-c0f33a6 e-flex e-con-boxed e-con e-parent\" data-id=\"c0f33a6\" data-element_type=\"container\">\n\t\t\t\t\t<div class=\"e-con-inner\">\n\t\t\t\t<div class=\"elementor-element elementor-element-62dcc0f elementor-widget elementor-widget-heading\" data-id=\"62dcc0f\" data-element_type=\"widget\" data-widget_type=\"heading.default\">\n\t\t\t\t<div class=\"elementor-widget-container\">\n\t\t\t\t\t<h2 class=\"elementor-heading-title elementor-size-default\">F\u00fcr weitere Informationen oder um unsere Dienstleistungen anzufordern, kontaktieren Sie uns noch heute.<\/h2>\t\t\t\t<\/div>\n\t\t\t\t<\/div>\n\t\t\t\t<div class=\"elementor-element elementor-element-ab71181 elementor-align-center elementor-widget elementor-widget-button\" data-id=\"ab71181\" data-element_type=\"widget\" data-widget_type=\"button.default\">\n\t\t\t\t<div class=\"elementor-widget-container\">\n\t\t\t\t\t\t\t\t\t<div class=\"elementor-button-wrapper\">\n\t\t\t\t\t<a class=\"elementor-button elementor-button-link elementor-size-sm elementor-animation-grow\" href=\"https:\/\/fahandle.at\/de\/contact-us\/\">\n\t\t\t\t\t\t<span class=\"elementor-button-content-wrapper\">\n\t\t\t\t\t\t\t\t\t<span class=\"elementor-button-text\">Anfrage senden <\/span>\n\t\t\t\t\t<\/span>\n\t\t\t\t\t<\/a>\n\t\t\t\t<\/div>\n\t\t\t\t\t\t\t\t<\/div>\n\t\t\t\t<\/div>\n\t\t\t\t\t<\/div>\n\t\t\t\t<\/div>\n\t\t\t\t<\/div>","protected":false},"excerpt":{"rendered":"<p>Basic Raw Materials Raw Materials for the Food Industry We take pride in supplying premium raw materials from renowned European and international brands, catering to a wide range of applications in the food industry. Our expertise ensures that we meet the highest standards, helping you create superior products across categories such as meat, dairy, confectionery, [&hellip;]<\/p>","protected":false},"author":1,"featured_media":0,"parent":15,"menu_order":0,"comment_status":"closed","ping_status":"closed","template":"","meta":{"footnotes":""},"class_list":["post-576","page","type-page","status-publish","hentry"],"_links":{"self":[{"href":"https:\/\/fahandle.at\/de\/wp-json\/wp\/v2\/pages\/576","targetHints":{"allow":["GET"]}}],"collection":[{"href":"https:\/\/fahandle.at\/de\/wp-json\/wp\/v2\/pages"}],"about":[{"href":"https:\/\/fahandle.at\/de\/wp-json\/wp\/v2\/types\/page"}],"author":[{"embeddable":true,"href":"https:\/\/fahandle.at\/de\/wp-json\/wp\/v2\/users\/1"}],"replies":[{"embeddable":true,"href":"https:\/\/fahandle.at\/de\/wp-json\/wp\/v2\/comments?post=576"}],"version-history":[{"count":43,"href":"https:\/\/fahandle.at\/de\/wp-json\/wp\/v2\/pages\/576\/revisions"}],"predecessor-version":[{"id":1360,"href":"https:\/\/fahandle.at\/de\/wp-json\/wp\/v2\/pages\/576\/revisions\/1360"}],"up":[{"embeddable":true,"href":"https:\/\/fahandle.at\/de\/wp-json\/wp\/v2\/pages\/15"}],"wp:attachment":[{"href":"https:\/\/fahandle.at\/de\/wp-json\/wp\/v2\/media?parent=576"}],"curies":[{"name":"wp","href":"https:\/\/api.w.org\/{rel}","templated":true}]}}