{"id":27,"date":"2024-12-08T09:29:40","date_gmt":"2024-12-08T09:29:40","guid":{"rendered":"https:\/\/design.fahandle.at\/?page_id=27"},"modified":"2025-01-21T10:43:08","modified_gmt":"2025-01-21T10:43:08","slug":"about-us","status":"publish","type":"page","link":"https:\/\/fahandle.at\/de\/about-us\/","title":{"rendered":"\u00dcber uns"},"content":{"rendered":"<div data-elementor-type=\"wp-page\" data-elementor-id=\"27\" class=\"elementor elementor-27\" data-elementor-settings=\"{&quot;element_pack_global_tooltip_width&quot;:{&quot;unit&quot;:&quot;px&quot;,&quot;size&quot;:&quot;&quot;,&quot;sizes&quot;:[]},&quot;element_pack_global_tooltip_width_tablet&quot;:{&quot;unit&quot;:&quot;px&quot;,&quot;size&quot;:&quot;&quot;,&quot;sizes&quot;:[]},&quot;element_pack_global_tooltip_width_mobile&quot;:{&quot;unit&quot;:&quot;px&quot;,&quot;size&quot;:&quot;&quot;,&quot;sizes&quot;:[]},&quot;element_pack_global_tooltip_padding&quot;:{&quot;unit&quot;:&quot;px&quot;,&quot;top&quot;:&quot;&quot;,&quot;right&quot;:&quot;&quot;,&quot;bottom&quot;:&quot;&quot;,&quot;left&quot;:&quot;&quot;,&quot;isLinked&quot;:true},&quot;element_pack_global_tooltip_padding_tablet&quot;:{&quot;unit&quot;:&quot;px&quot;,&quot;top&quot;:&quot;&quot;,&quot;right&quot;:&quot;&quot;,&quot;bottom&quot;:&quot;&quot;,&quot;left&quot;:&quot;&quot;,&quot;isLinked&quot;:true},&quot;element_pack_global_tooltip_padding_mobile&quot;:{&quot;unit&quot;:&quot;px&quot;,&quot;top&quot;:&quot;&quot;,&quot;right&quot;:&quot;&quot;,&quot;bottom&quot;:&quot;&quot;,&quot;left&quot;:&quot;&quot;,&quot;isLinked&quot;:true},&quot;element_pack_global_tooltip_border_radius&quot;:{&quot;unit&quot;:&quot;px&quot;,&quot;top&quot;:&quot;&quot;,&quot;right&quot;:&quot;&quot;,&quot;bottom&quot;:&quot;&quot;,&quot;left&quot;:&quot;&quot;,&quot;isLinked&quot;:true},&quot;element_pack_global_tooltip_border_radius_tablet&quot;:{&quot;unit&quot;:&quot;px&quot;,&quot;top&quot;:&quot;&quot;,&quot;right&quot;:&quot;&quot;,&quot;bottom&quot;:&quot;&quot;,&quot;left&quot;:&quot;&quot;,&quot;isLinked&quot;:true},&quot;element_pack_global_tooltip_border_radius_mobile&quot;:{&quot;unit&quot;:&quot;px&quot;,&quot;top&quot;:&quot;&quot;,&quot;right&quot;:&quot;&quot;,&quot;bottom&quot;:&quot;&quot;,&quot;left&quot;:&quot;&quot;,&quot;isLinked&quot;:true}}\" data-elementor-post-type=\"page\">\n\t\t\t\t<div class=\"elementor-element elementor-element-9dbefe7 e-flex e-con-boxed e-con e-parent\" data-id=\"9dbefe7\" data-element_type=\"container\" data-settings=\"{&quot;background_background&quot;:&quot;classic&quot;}\">\n\t\t\t\t\t<div class=\"e-con-inner\">\n\t\t\t\t<div class=\"elementor-element elementor-element-365302e elementor-widget elementor-widget-heading\" data-id=\"365302e\" data-element_type=\"widget\" data-widget_type=\"heading.default\">\n\t\t\t\t<div class=\"elementor-widget-container\">\n\t\t\t\t\t<h2 class=\"elementor-heading-title elementor-size-default\">\u00dcber uns<\/h2>\t\t\t\t<\/div>\n\t\t\t\t<\/div>\n\t\t\t\t\t<\/div>\n\t\t\t\t<\/div>\n\t\t<div class=\"elementor-element elementor-element-7b2fd67 e-flex e-con-boxed e-con e-parent\" data-id=\"7b2fd67\" data-element_type=\"container\">\n\t\t\t\t\t<div class=\"e-con-inner\">\n\t\t<div class=\"elementor-element elementor-element-d305b47 e-con-full e-flex e-con e-child\" data-id=\"d305b47\" data-element_type=\"container\">\n\t\t\t\t<div class=\"elementor-element elementor-element-9d0c4c6 elementor-widget elementor-widget-heading\" data-id=\"9d0c4c6\" data-element_type=\"widget\" data-widget_type=\"heading.default\">\n\t\t\t\t<div class=\"elementor-widget-container\">\n\t\t\t\t\t<h2 class=\"elementor-heading-title elementor-size-default\">\u00dcber F &amp; A Handels<\/h2>\t\t\t\t<\/div>\n\t\t\t\t<\/div>\n\t\t\t\t<div class=\"elementor-element elementor-element-1bec0a4 elementor-widget elementor-widget-text-editor\" data-id=\"1bec0a4\" data-element_type=\"widget\" data-widget_type=\"text-editor.default\">\n\t\t\t\t<div class=\"elementor-widget-container\">\n\t\t\t\t\t\t\t\t\t<p>Die Firma F&amp;A Handels GmbH ist ein \u00f6sterreichisches Handelsunternehmen. Die Idee dieser Handelsgruppe wurde 2005 mit dem Ziel entwickelt, Br\u00fccken zwischen Verbrauchern und Produzenten zu bauen und gegenseitiges Vertrauen mit den Kunden aufzubauen.<br \/>Die Firma F&amp;A Handels GmbH besitzt drei Hauptwettbewerbsvorteile, die es ihr erm\u00f6glichen, st\u00e4rkere Beziehungen zu den Kunden aufzubauen und die Marktentwicklung zu f\u00f6rdern.<\/p><p>Die Firma F&amp;A Handels GmbH besitzt drei Hauptwettbewerbsvorteile, die es ihr erm\u00f6glichen, st\u00e4rkere Beziehungen zu den Kunden aufzubauen und die Marktentwicklung zu f\u00f6rdern.<\/p><p>Der erste Mehrwert f\u00fcr die Kunden liegt in der F\u00e4higkeit des Unternehmens, sie w\u00e4hrend des gesamten Lieferprozesses von Waren und Dienstleistungen zu unterst\u00fctzen und zu begleiten. Der Sicherheitsbestand im zentralen Lager des Unternehmens, der auf Kundenauftr\u00e4gen basiert, sorgt f\u00fcr sofortige Unterst\u00fctzung und reduziert die Lieferzeit.<\/p><p>Dar\u00fcber hinaus f\u00f6rdert das gegenseitige Vertrauen im gesamten Handelsprozess reibungslosere Abl\u00e4ufe, beseitigt Hindernisse und beschleunigt die Bestellung und Lieferung von Waren und Dienstleistungen, sodass die Kunden ihre Produkte und Dienstleistungen in k\u00fcrzester Zeit erhalten.\nDie Nachhaltigkeit der Gesch\u00e4ftsprozesse des Unternehmens \u00fcber die Zeit und unter verschiedenen Umwelt-, Handels- und Wirtschaftsbedingungen ist vielleicht einer der gr\u00f6\u00dften Mehrwerte, die den Kunden geboten werden.<\/p><p>Abschlie\u00dfend l\u00e4sst sich sagen, dass diese breite Erfahrung in verschiedenen Bereichen das Leben interessant macht und unsere F\u00e4higkeiten erfolgreich sch\u00e4rft. Wir behaupten nicht, perfekt zu sein, aber vom ersten Tag an haben wir immer nach diesen drei Hauptzielen gestrebt.<\/p>\t\t\t\t\t\t\t\t<\/div>\n\t\t\t\t<\/div>\n\t\t\t\t<\/div>\n\t\t<div class=\"elementor-element elementor-element-b22367e e-con-full e-flex e-con e-child\" data-id=\"b22367e\" data-element_type=\"container\">\n\t\t\t\t<div class=\"elementor-element elementor-element-e020c8f elementor-widget elementor-widget-image\" data-id=\"e020c8f\" data-element_type=\"widget\" data-widget_type=\"image.default\">\n\t\t\t\t<div class=\"elementor-widget-container\">\n\t\t\t\t\t\t\t\t\t\t\t\t\t\t\t<img fetchpriority=\"high\" decoding=\"async\" width=\"1000\" height=\"800\" src=\"https:\/\/fahandle.at\/wp-content\/uploads\/2024\/12\/main-picture-in-about-us.jpg\" class=\"attachment-full size-full wp-image-173\" alt=\"\" srcset=\"https:\/\/fahandle.at\/wp-content\/uploads\/2024\/12\/main-picture-in-about-us.jpg 1000w, https:\/\/fahandle.at\/wp-content\/uploads\/2024\/12\/main-picture-in-about-us-300x240.jpg 300w, https:\/\/fahandle.at\/wp-content\/uploads\/2024\/12\/main-picture-in-about-us-768x614.jpg 768w\" sizes=\"(max-width: 1000px) 100vw, 1000px\" \/>\t\t\t\t\t\t\t\t\t\t\t\t\t\t\t<\/div>\n\t\t\t\t<\/div>\n\t\t\t\t<\/div>\n\t\t\t\t\t<\/div>\n\t\t\t\t<\/div>\n\t\t<div class=\"elementor-element elementor-element-8664a65 e-flex e-con-boxed e-con e-parent\" data-id=\"8664a65\" data-element_type=\"container\">\n\t\t\t\t\t<div class=\"e-con-inner\">\n\t\t\t\t<div class=\"elementor-element elementor-element-20e1164 elementor-widget elementor-widget-spacer\" data-id=\"20e1164\" data-element_type=\"widget\" data-widget_type=\"spacer.default\">\n\t\t\t\t<div class=\"elementor-widget-container\">\n\t\t\t\t\t\t\t<div class=\"elementor-spacer\">\n\t\t\t<div class=\"elementor-spacer-inner\"><\/div>\n\t\t<\/div>\n\t\t\t\t\t\t<\/div>\n\t\t\t\t<\/div>\n\t\t\t\t\t<\/div>\n\t\t\t\t<\/div>\n\t\t\t\t<\/div>","protected":false},"excerpt":{"rendered":"<p>About Us About F &amp; A Handels The company F&amp;A Handels GmbH is an Austrian trading company. The idea of this trading group was formed in 2005 with the aim of building bridges between consumers and producers and establishing mutual trust with customers.The company F&amp;A Handels GmbH possesses three main competitive advantages that enable it [&hellip;]<\/p>","protected":false},"author":1,"featured_media":0,"parent":0,"menu_order":0,"comment_status":"closed","ping_status":"closed","template":"","meta":{"footnotes":""},"class_list":["post-27","page","type-page","status-publish","hentry"],"_links":{"self":[{"href":"https:\/\/fahandle.at\/de\/wp-json\/wp\/v2\/pages\/27","targetHints":{"allow":["GET"]}}],"collection":[{"href":"https:\/\/fahandle.at\/de\/wp-json\/wp\/v2\/pages"}],"about":[{"href":"https:\/\/fahandle.at\/de\/wp-json\/wp\/v2\/types\/page"}],"author":[{"embeddable":true,"href":"https:\/\/fahandle.at\/de\/wp-json\/wp\/v2\/users\/1"}],"replies":[{"embeddable":true,"href":"https:\/\/fahandle.at\/de\/wp-json\/wp\/v2\/comments?post=27"}],"version-history":[{"count":34,"href":"https:\/\/fahandle.at\/de\/wp-json\/wp\/v2\/pages\/27\/revisions"}],"predecessor-version":[{"id":1366,"href":"https:\/\/fahandle.at\/de\/wp-json\/wp\/v2\/pages\/27\/revisions\/1366"}],"wp:attachment":[{"href":"https:\/\/fahandle.at\/de\/wp-json\/wp\/v2\/media?parent=27"}],"curies":[{"name":"wp","href":"https:\/\/api.w.org\/{rel}","templated":true}]}}